{"id":125,"date":"2020-12-16T16:44:33","date_gmt":"2020-12-16T15:44:33","guid":{"rendered":"http:\/\/soatata.org\/?page_id=125"},"modified":"2026-01-15T14:58:43","modified_gmt":"2026-01-15T13:58:43","slug":"notre-histoire","status":"publish","type":"page","link":"https:\/\/soatata.org\/index.php\/soatata\/notre-histoire\/","title":{"rendered":"Notre histoire"},"content":{"rendered":"\n<p class=\"has-medium-font-size\">L\u2019association SOATATA s\u2019attache depuis 2003 \u00e0 promouvoir la culture et \u00e0 favoriser l\u2019\u00e9ducation dans le sud de Madagascar par la cr\u00e9ation de structures destin\u00e9es \u00e0 l\u2019enseignement (b\u00e2timents scolaires) et \u00e0 la culture (biblioth\u00e8que).&nbsp;Georgette Chenot, pr\u00e9sidente de l&#8217;association est originaire du sud de Madagascar. Tr\u00e8s proche avec la population sur place, elle recense&nbsp;les besoins remont\u00e9s directement par la communaut\u00e9 locale.&nbsp;<\/p>\n\n\n\n<p class=\"has-medium-font-size\">\u00c0 Madagascar, outre la construction de b\u00e2timents d\u00e9di\u00e9s \u00e0 l&#8217;am\u00e9lioration de l&#8217;enseignement, SOATATA a fourni au fil du temps aux \u00e9tablissements scolaires de Lavanono, Ejeda et universitaires d&#8217;Ampanihy et d&#8217;Ambovombe des fournitures scolaires, des livres, des blouses, des sacoches, des PC, des accessoires sportifs et assur\u00e9 des compl\u00e9ments de formation aux enseignants et au personnel administratif.<\/p>\n","protected":false},"excerpt":{"rendered":"<p>L\u2019association SOATATA s\u2019attache depuis 2003 \u00e0 promouvoir la culture et \u00e0 favoriser l\u2019\u00e9ducation dans le sud de Madagascar par la cr\u00e9ation de structures destin\u00e9es \u00e0 l\u2019enseignement (b\u00e2timents scolaires) et \u00e0 la culture (biblioth\u00e8que).&nbsp;Georgette Chenot, pr\u00e9sidente de l&#8217;association est originaire du sud de Madagascar. Tr\u00e8s proche avec la population sur place, elle recense&nbsp;les besoins remont\u00e9s directement &hellip; <\/p>\n<p class=\"link-more\"><a href=\"https:\/\/soatata.org\/index.php\/soatata\/notre-histoire\/\" class=\"more-link\">Continue reading<span class=\"screen-reader-text\"> &#8220;Notre histoire&#8221;<\/span><\/a><\/p>\n","protected":false},"author":1,"featured_media":0,"parent":64,"menu_order":1,"comment_status":"closed","ping_status":"closed","template":"","meta":{"footnotes":""},"class_list":["post-125","page","type-page","status-publish","hentry"],"yoast_head":"<!-- This site is optimized with the Yoast SEO plugin v27.4 - https:\/\/yoast.com\/product\/yoast-seo-wordpress\/ -->\n<title>Notre histoire - Assistance au d\u00e9veloppement \u00e9ducatif dans le sud de Madagascar.<\/title>\n<meta name=\"robots\" content=\"index, follow, max-snippet:-1, max-image-preview:large, max-video-preview:-1\" \/>\n<link rel=\"canonical\" href=\"https:\/\/soatata.org\/index.php\/soatata\/notre-histoire\/\" \/>\n<meta property=\"og:locale\" content=\"en_US\" \/>\n<meta property=\"og:type\" content=\"article\" \/>\n<meta property=\"og:title\" content=\"Notre histoire - Assistance au d\u00e9veloppement \u00e9ducatif dans le sud de Madagascar.\" \/>\n<meta property=\"og:description\" content=\"L\u2019association SOATATA s\u2019attache depuis 2003 \u00e0 promouvoir la culture et \u00e0 favoriser l\u2019\u00e9ducation dans le sud de Madagascar par la cr\u00e9ation de structures destin\u00e9es \u00e0 l\u2019enseignement (b\u00e2timents scolaires) et \u00e0 la culture (biblioth\u00e8que).&nbsp;Georgette Chenot, pr\u00e9sidente de l&#8217;association est originaire du sud de Madagascar. Tr\u00e8s proche avec la population sur place, elle recense&nbsp;les besoins remont\u00e9s directement &hellip; Continue reading &quot;Notre histoire&quot;\" \/>\n<meta property=\"og:url\" content=\"https:\/\/soatata.org\/index.php\/soatata\/notre-histoire\/\" \/>\n<meta property=\"og:site_name\" content=\"Assistance au d\u00e9veloppement \u00e9ducatif dans le sud de Madagascar.\" \/>\n<meta property=\"article:modified_time\" content=\"2026-01-15T13:58:43+00:00\" \/>\n<meta name=\"twitter:card\" content=\"summary_large_image\" \/>\n<meta name=\"twitter:label1\" content=\"Est. reading time\" \/>\n\t<meta name=\"twitter:data1\" content=\"1 minute\" \/>\n<script type=\"application\/ld+json\" class=\"yoast-schema-graph\">{\"@context\":\"https:\\\/\\\/schema.org\",\"@graph\":[{\"@type\":\"WebPage\",\"@id\":\"https:\\\/\\\/soatata.org\\\/index.php\\\/soatata\\\/notre-histoire\\\/\",\"url\":\"https:\\\/\\\/soatata.org\\\/index.php\\\/soatata\\\/notre-histoire\\\/\",\"name\":\"Notre histoire - Assistance au d\u00e9veloppement \u00e9ducatif dans le sud de Madagascar.\",\"isPartOf\":{\"@id\":\"http:\\\/\\\/soatata.org\\\/#website\"},\"datePublished\":\"2020-12-16T15:44:33+00:00\",\"dateModified\":\"2026-01-15T13:58:43+00:00\",\"breadcrumb\":{\"@id\":\"https:\\\/\\\/soatata.org\\\/index.php\\\/soatata\\\/notre-histoire\\\/#breadcrumb\"},\"inLanguage\":\"en-US\",\"potentialAction\":[{\"@type\":\"ReadAction\",\"target\":[\"https:\\\/\\\/soatata.org\\\/index.php\\\/soatata\\\/notre-histoire\\\/\"]}]},{\"@type\":\"BreadcrumbList\",\"@id\":\"https:\\\/\\\/soatata.org\\\/index.php\\\/soatata\\\/notre-histoire\\\/#breadcrumb\",\"itemListElement\":[{\"@type\":\"ListItem\",\"position\":1,\"name\":\"Accueil\",\"item\":\"https:\\\/\\\/soatata.org\\\/\"},{\"@type\":\"ListItem\",\"position\":2,\"name\":\"Soatata\",\"item\":\"http:\\\/\\\/soatata.org\\\/index.php\\\/soatata\\\/\"},{\"@type\":\"ListItem\",\"position\":3,\"name\":\"Notre histoire\"}]},{\"@type\":\"WebSite\",\"@id\":\"http:\\\/\\\/soatata.org\\\/#website\",\"url\":\"http:\\\/\\\/soatata.org\\\/\",\"name\":\"Assistance au d\u00e9veloppement \u00e9ducatif dans le sud de Madagascar.\",\"description\":\"\",\"publisher\":{\"@id\":\"http:\\\/\\\/soatata.org\\\/#organization\"},\"potentialAction\":[{\"@type\":\"SearchAction\",\"target\":{\"@type\":\"EntryPoint\",\"urlTemplate\":\"http:\\\/\\\/soatata.org\\\/?s={search_term_string}\"},\"query-input\":{\"@type\":\"PropertyValueSpecification\",\"valueRequired\":true,\"valueName\":\"search_term_string\"}}],\"inLanguage\":\"en-US\"},{\"@type\":\"Organization\",\"@id\":\"http:\\\/\\\/soatata.org\\\/#organization\",\"name\":\"Assistance au d\u00e9veloppement \u00e9ducatif dans le sud de Madagascar.\",\"url\":\"http:\\\/\\\/soatata.org\\\/\",\"logo\":{\"@type\":\"ImageObject\",\"inLanguage\":\"en-US\",\"@id\":\"http:\\\/\\\/soatata.org\\\/#\\\/schema\\\/logo\\\/image\\\/\",\"url\":\"https:\\\/\\\/soatata.org\\\/wp-content\\\/uploads\\\/2020\\\/12\\\/cropped-logoSoatata.jpg\",\"contentUrl\":\"https:\\\/\\\/soatata.org\\\/wp-content\\\/uploads\\\/2020\\\/12\\\/cropped-logoSoatata.jpg\",\"width\":276,\"height\":250,\"caption\":\"Assistance au d\u00e9veloppement \u00e9ducatif dans le sud de Madagascar.\"},\"image\":{\"@id\":\"http:\\\/\\\/soatata.org\\\/#\\\/schema\\\/logo\\\/image\\\/\"}}]}<\/script>\n<!-- \/ Yoast SEO plugin. -->","yoast_head_json":{"title":"Notre histoire - Assistance au d\u00e9veloppement \u00e9ducatif dans le sud de Madagascar.","robots":{"index":"index","follow":"follow","max-snippet":"max-snippet:-1","max-image-preview":"max-image-preview:large","max-video-preview":"max-video-preview:-1"},"canonical":"https:\/\/soatata.org\/index.php\/soatata\/notre-histoire\/","og_locale":"en_US","og_type":"article","og_title":"Notre histoire - Assistance au d\u00e9veloppement \u00e9ducatif dans le sud de Madagascar.","og_description":"L\u2019association SOATATA s\u2019attache depuis 2003 \u00e0 promouvoir la culture et \u00e0 favoriser l\u2019\u00e9ducation dans le sud de Madagascar par la cr\u00e9ation de structures destin\u00e9es \u00e0 l\u2019enseignement (b\u00e2timents scolaires) et \u00e0 la culture (biblioth\u00e8que).&nbsp;Georgette Chenot, pr\u00e9sidente de l&#8217;association est originaire du sud de Madagascar. Tr\u00e8s proche avec la population sur place, elle recense&nbsp;les besoins remont\u00e9s directement &hellip; Continue reading \"Notre histoire\"","og_url":"https:\/\/soatata.org\/index.php\/soatata\/notre-histoire\/","og_site_name":"Assistance au d\u00e9veloppement \u00e9ducatif dans le sud de Madagascar.","article_modified_time":"2026-01-15T13:58:43+00:00","twitter_card":"summary_large_image","twitter_misc":{"Est. reading time":"1 minute"},"schema":{"@context":"https:\/\/schema.org","@graph":[{"@type":"WebPage","@id":"https:\/\/soatata.org\/index.php\/soatata\/notre-histoire\/","url":"https:\/\/soatata.org\/index.php\/soatata\/notre-histoire\/","name":"Notre histoire - Assistance au d\u00e9veloppement \u00e9ducatif dans le sud de Madagascar.","isPartOf":{"@id":"http:\/\/soatata.org\/#website"},"datePublished":"2020-12-16T15:44:33+00:00","dateModified":"2026-01-15T13:58:43+00:00","breadcrumb":{"@id":"https:\/\/soatata.org\/index.php\/soatata\/notre-histoire\/#breadcrumb"},"inLanguage":"en-US","potentialAction":[{"@type":"ReadAction","target":["https:\/\/soatata.org\/index.php\/soatata\/notre-histoire\/"]}]},{"@type":"BreadcrumbList","@id":"https:\/\/soatata.org\/index.php\/soatata\/notre-histoire\/#breadcrumb","itemListElement":[{"@type":"ListItem","position":1,"name":"Accueil","item":"https:\/\/soatata.org\/"},{"@type":"ListItem","position":2,"name":"Soatata","item":"http:\/\/soatata.org\/index.php\/soatata\/"},{"@type":"ListItem","position":3,"name":"Notre histoire"}]},{"@type":"WebSite","@id":"http:\/\/soatata.org\/#website","url":"http:\/\/soatata.org\/","name":"Assistance au d\u00e9veloppement \u00e9ducatif dans le sud de Madagascar.","description":"","publisher":{"@id":"http:\/\/soatata.org\/#organization"},"potentialAction":[{"@type":"SearchAction","target":{"@type":"EntryPoint","urlTemplate":"http:\/\/soatata.org\/?s={search_term_string}"},"query-input":{"@type":"PropertyValueSpecification","valueRequired":true,"valueName":"search_term_string"}}],"inLanguage":"en-US"},{"@type":"Organization","@id":"http:\/\/soatata.org\/#organization","name":"Assistance au d\u00e9veloppement \u00e9ducatif dans le sud de Madagascar.","url":"http:\/\/soatata.org\/","logo":{"@type":"ImageObject","inLanguage":"en-US","@id":"http:\/\/soatata.org\/#\/schema\/logo\/image\/","url":"https:\/\/soatata.org\/wp-content\/uploads\/2020\/12\/cropped-logoSoatata.jpg","contentUrl":"https:\/\/soatata.org\/wp-content\/uploads\/2020\/12\/cropped-logoSoatata.jpg","width":276,"height":250,"caption":"Assistance au d\u00e9veloppement \u00e9ducatif dans le sud de Madagascar."},"image":{"@id":"http:\/\/soatata.org\/#\/schema\/logo\/image\/"}}]}},"jetpack_sharing_enabled":true,"_links":{"self":[{"href":"https:\/\/soatata.org\/index.php\/wp-json\/wp\/v2\/pages\/125","targetHints":{"allow":["GET"]}}],"collection":[{"href":"https:\/\/soatata.org\/index.php\/wp-json\/wp\/v2\/pages"}],"about":[{"href":"https:\/\/soatata.org\/index.php\/wp-json\/wp\/v2\/types\/page"}],"author":[{"embeddable":true,"href":"https:\/\/soatata.org\/index.php\/wp-json\/wp\/v2\/users\/1"}],"replies":[{"embeddable":true,"href":"https:\/\/soatata.org\/index.php\/wp-json\/wp\/v2\/comments?post=125"}],"version-history":[{"count":6,"href":"https:\/\/soatata.org\/index.php\/wp-json\/wp\/v2\/pages\/125\/revisions"}],"predecessor-version":[{"id":2128,"href":"https:\/\/soatata.org\/index.php\/wp-json\/wp\/v2\/pages\/125\/revisions\/2128"}],"up":[{"embeddable":true,"href":"https:\/\/soatata.org\/index.php\/wp-json\/wp\/v2\/pages\/64"}],"wp:attachment":[{"href":"https:\/\/soatata.org\/index.php\/wp-json\/wp\/v2\/media?parent=125"}],"curies":[{"name":"wp","href":"https:\/\/api.w.org\/{rel}","templated":true}]}}