{"id":127,"date":"2020-12-16T16:50:51","date_gmt":"2020-12-16T15:50:51","guid":{"rendered":"http:\/\/soatata.org\/?page_id=127"},"modified":"2026-01-13T14:50:18","modified_gmt":"2026-01-13T13:50:18","slug":"gazette","status":"publish","type":"page","link":"https:\/\/soatata.org\/index.php\/soatata\/gazette\/","title":{"rendered":"Gazettes"},"content":{"rendered":"\n<p class=\"has-medium-font-size\">Retrouvez toutes les actualit\u00e9s de l&#8217;association dans notre publication p\u00e9riodique !<\/p>\n\n\n\n<div class=\"wp-block-file\"><a id=\"wp-block-file--media-d860e9c4-2d9a-4455-ab04-8395ada95681\" href=\"https:\/\/soatata.org\/wp-content\/uploads\/2026\/01\/La-Gazette-de-janvier-2026.pdf\" target=\"_blank\" rel=\"noreferrer noopener\">Janvier 2026<\/a><\/div>\n\n\n\n<div class=\"wp-block-file\"><a id=\"wp-block-file--media-08bea4aa-1494-4975-810a-2b38c68c4806\" href=\"http:\/\/soatata.org\/wp-content\/uploads\/2025\/11\/Gazette-de-novembre-2025.pdf\" target=\"_blank\" rel=\"noreferrer noopener\">Novembre 2025<\/a><\/div>\n\n\n\n<div class=\"wp-block-file\"><a id=\"wp-block-file--media-7275b9b7-0145-4589-800d-bf3bbda4be5a\" href=\"http:\/\/soatata.org\/wp-content\/uploads\/2025\/07\/Gazette-de-juillet-2025.pdf\" target=\"_blank\" rel=\"noreferrer noopener\">Juillet 2025<\/a><\/div>\n\n\n\n<div class=\"wp-block-file\"><a id=\"wp-block-file--media-78ae9d39-f233-411b-a2fb-230288bc9157\" href=\"http:\/\/soatata.org\/wp-content\/uploads\/2025\/05\/Gazette-davril-2025.pdf\" target=\"_blank\" rel=\"noreferrer noopener\">Avril 2025<\/a><\/div>\n\n\n\n<div class=\"wp-block-file\"><a id=\"wp-block-file--media-7db667ba-869d-4207-92e4-073538baa7dc\" href=\"http:\/\/soatata.org\/wp-content\/uploads\/2024\/12\/Gazette-de-novembre-2024.pdf\" target=\"_blank\" rel=\"noreferrer noopener\">Novembre 2024<\/a><\/div>\n\n\n\n<div class=\"wp-block-file\"><a id=\"wp-block-file--media-00dd015c-382e-4a14-96f3-fde8e1577ca9\" href=\"http:\/\/soatata.org\/wp-content\/uploads\/2024\/10\/Gazette-de-septembre-2024.pdf\" target=\"_blank\" rel=\"noreferrer noopener\">Septembre 2024<\/a><\/div>\n\n\n\n<div class=\"wp-block-file\"><a id=\"wp-block-file--media-849eda10-0bfd-4cce-9df9-21b9093fe525\" href=\"http:\/\/soatata.org\/wp-content\/uploads\/2024\/07\/Gazette-de-juillet-2024.pdf\" target=\"_blank\" rel=\"noreferrer noopener\">Juillet 2024<\/a><\/div>\n\n\n\n<div class=\"wp-block-file\"><a id=\"wp-block-file--media-555989cc-780a-4b77-b043-e974095b6791\" href=\"http:\/\/soatata.org\/wp-content\/uploads\/2024\/05\/Gazette-de-mai-2024-1.pdf\" target=\"_blank\" rel=\"noreferrer noopener\">Mai 2024<\/a><\/div>\n\n\n\n<div class=\"wp-block-file\"><a id=\"wp-block-file--media-e176aee1-de55-4979-a791-939c5864e4df\" href=\"http:\/\/soatata.org\/wp-content\/uploads\/2023\/11\/SOATATA_Gazette-doctobre-2023.pdf\">Octobre 2023<\/a><\/div>\n\n\n\n<div class=\"wp-block-file\"><a id=\"wp-block-file--media-811477fd-3d0c-4d8e-a900-f111fdd9f95d\" href=\"http:\/\/soatata.org\/wp-content\/uploads\/2023\/09\/SOATATA_Gazette-de-septembre-2023.pdf\" target=\"_blank\" rel=\"noreferrer noopener\">Septembre 2023<\/a><\/div>\n\n\n\n<div class=\"wp-block-file\"><a id=\"wp-block-file--media-11a8d855-c860-431c-89ba-fe3b4c195beb\" href=\"http:\/\/soatata.org\/wp-content\/uploads\/2023\/02\/Gazette202301.pdf\" target=\"_blank\" rel=\"noreferrer noopener\">Janvier 2023<\/a><\/div>\n\n\n\n<div class=\"wp-block-file\"><a id=\"wp-block-file--media-9ce39983-351b-4ead-82dc-d3b8b0b78130\" href=\"http:\/\/soatata.org\/wp-content\/uploads\/2022\/08\/SOATATA-LaGazettedejuillet2022.pdf\" target=\"_blank\" rel=\"noreferrer noopener\">Juillet 2022<\/a><\/div>\n\n\n\n<div class=\"wp-block-file\"><a id=\"wp-block-file--media-a9d0bde3-0c92-4ca8-8463-54e3eaa9dcee\" href=\"http:\/\/soatata.org\/wp-content\/uploads\/2022\/05\/Gazette202205.pdf\" target=\"_blank\" rel=\"noreferrer noopener\">Mai 2022<\/a><\/div>\n\n\n\n<div class=\"wp-block-file\"><a id=\"wp-block-file--media-30273aaf-b081-4c61-bffe-63b0f737e76a\" href=\"http:\/\/soatata.org\/wp-content\/uploads\/2022\/01\/Gazette202112.pdf\" target=\"_blank\" rel=\"noreferrer noopener\">D\u00e9cembre 2021<\/a><\/div>\n\n\n\n<div class=\"wp-block-columns is-layout-flex wp-container-core-columns-is-layout-9d6595d7 wp-block-columns-is-layout-flex\">\n<div class=\"wp-block-column is-layout-flow wp-block-column-is-layout-flow\">\n<div class=\"wp-block-file\"><a id=\"wp-block-file--media-a11a3501-c0f7-463d-909a-736c2a60d15f\" href=\"http:\/\/soatata.org\/wp-content\/uploads\/2021\/10\/Gazette202109.pdf\" target=\"_blank\" rel=\"noreferrer noopener\">Septembre 2021<\/a><\/div>\n\n\n\n<div class=\"wp-block-file\"><a id=\"wp-block-file--media-c1670872-3274-40ad-9faf-66a07df1c260\" href=\"http:\/\/soatata.org\/wp-content\/uploads\/2020\/12\/Gazette202011.pdf\" target=\"_blank\" rel=\"noreferrer noopener\">Novembre 2020<\/a><\/div>\n\n\n\n<div class=\"wp-block-file\"><a id=\"wp-block-file--media-7ce1ceaa-81e7-4983-b4a5-25fddce728ac\" href=\"http:\/\/soatata.org\/wp-content\/uploads\/2020\/12\/Gazette202010.pdf\" target=\"_blank\" rel=\"noreferrer noopener\">Octobre 2020<\/a><\/div>\n\n\n\n<div class=\"wp-block-file\"><a id=\"wp-block-file--media-581c74e1-4e76-4d2c-8f5a-97bdd1bed7fb\" href=\"http:\/\/soatata.org\/wp-content\/uploads\/2020\/12\/Gazette202005.pdf\" target=\"_blank\" rel=\"noreferrer noopener\">Mai 2020<\/a><\/div>\n\n\n\n<div class=\"wp-block-file\"><a id=\"wp-block-file--media-9593d434-b6b7-493e-942c-7878ba4a4ae7\" href=\"http:\/\/soatata.org\/wp-content\/uploads\/2020\/12\/Gazette202003.pdf\" target=\"_blank\" rel=\"noreferrer noopener\">Mars 2020<\/a><\/div>\n\n\n\n<div class=\"wp-block-file\"><a id=\"wp-block-file--media-64defa88-eddc-44a4-9d24-39e17565febe\" href=\"http:\/\/soatata.org\/wp-content\/uploads\/2020\/12\/Gazette201905.pdf\" target=\"_blank\" rel=\"noreferrer noopener\">Mai 2019<\/a><\/div>\n\n\n\n<div class=\"wp-block-file\"><a id=\"wp-block-file--media-3958e943-0e61-451c-9ea2-7ad27ba286dc\" href=\"http:\/\/soatata.org\/wp-content\/uploads\/2020\/12\/Gazette201705.pdf\" target=\"_blank\" rel=\"noreferrer noopener\">Mai 2017<\/a><\/div>\n\n\n\n<div class=\"wp-block-file\"><a id=\"wp-block-file--media-9c04879a-9dbc-446a-ab39-ec0df014fc7e\" href=\"http:\/\/soatata.org\/wp-content\/uploads\/2020\/12\/Gazette201702.pdf\" target=\"_blank\" rel=\"noreferrer noopener\">F\u00e9vrier 2017<\/a><\/div>\n\n\n\n<div class=\"wp-block-file\"><a id=\"wp-block-file--media-b030ab51-b777-47cb-9a6e-804e61825b06\" href=\"http:\/\/soatata.org\/wp-content\/uploads\/2020\/12\/Gazette201611.pdf\" target=\"_blank\" rel=\"noreferrer noopener\">Novembre 2016<\/a><\/div>\n\n\n\n<div class=\"wp-block-file\"><a id=\"wp-block-file--media-6b9a0df0-7634-44c4-96b1-c432e3e9d3ad\" href=\"http:\/\/soatata.org\/wp-content\/uploads\/2020\/12\/Gazette201606.pdf\" target=\"_blank\" rel=\"noreferrer noopener\">Juin 2016<\/a><\/div>\n\n\n\n<div class=\"wp-block-file\"><a id=\"wp-block-file--media-3efcb58e-97b9-4c8a-81bb-989bc2eb13fc\" href=\"http:\/\/soatata.org\/wp-content\/uploads\/2020\/12\/Gazette201605.pdf\" target=\"_blank\" rel=\"noreferrer noopener\">Mai 2016<\/a><\/div>\n\n\n\n<div class=\"wp-block-file\"><a id=\"wp-block-file--media-5ebcd2bd-f91a-4bcd-994a-05686eb8ce9f\" href=\"http:\/\/soatata.org\/wp-content\/uploads\/2020\/12\/Gazette201512.pdf\" target=\"_blank\" rel=\"noreferrer noopener\">D\u00e9cembre 2015<\/a><\/div>\n\n\n\n<div class=\"wp-block-file\"><a id=\"wp-block-file--media-c7884281-67fe-48a0-8585-3c749b85f9b8\" href=\"http:\/\/soatata.org\/wp-content\/uploads\/2020\/12\/Gazette201509.pdf\" target=\"_blank\" rel=\"noreferrer noopener\">Septembre 2015<\/a><\/div>\n\n\n\n<div class=\"wp-block-file\"><a id=\"wp-block-file--media-31fc8914-9311-4c5d-9b43-defc2f1281bd\" href=\"http:\/\/soatata.org\/wp-content\/uploads\/2020\/12\/Gazette201504.pdf\" target=\"_blank\" rel=\"noreferrer noopener\">Avril 2015<\/a><\/div>\n\n\n\n<div class=\"wp-block-file\"><a id=\"wp-block-file--media-787a2bc4-5967-48f5-b131-4bab9462bbf3\" href=\"http:\/\/soatata.org\/wp-content\/uploads\/2020\/12\/Gazette201410.pdf\" target=\"_blank\" rel=\"noreferrer noopener\">Octobre 2014<\/a><\/div>\n\n\n\n<div class=\"wp-block-file\"><a id=\"wp-block-file--media-d87cfd4a-9b20-4cf3-a66b-9b0ed1887ead\" href=\"http:\/\/soatata.org\/wp-content\/uploads\/2020\/12\/Gazette201401.pdf\" target=\"_blank\" rel=\"noreferrer noopener\">Janvier 2014<\/a><\/div>\n<\/div>\n<\/div>\n\n\n\n<p><\/p>\n","protected":false},"excerpt":{"rendered":"<p>Retrouvez toutes les actualit\u00e9s de l&#8217;association dans notre publication p\u00e9riodique !<\/p>\n","protected":false},"author":1,"featured_media":0,"parent":64,"menu_order":2,"comment_status":"closed","ping_status":"closed","template":"","meta":{"footnotes":""},"class_list":["post-127","page","type-page","status-publish","hentry"],"yoast_head":"<!-- This site is optimized with the Yoast SEO plugin v27.3 - https:\/\/yoast.com\/product\/yoast-seo-wordpress\/ -->\n<title>Gazettes - Assistance au d\u00e9veloppement \u00e9ducatif dans le sud de Madagascar.<\/title>\n<meta name=\"robots\" content=\"index, follow, max-snippet:-1, max-image-preview:large, max-video-preview:-1\" \/>\n<link rel=\"canonical\" href=\"https:\/\/soatata.org\/index.php\/soatata\/gazette\/\" \/>\n<meta property=\"og:locale\" content=\"en_US\" \/>\n<meta property=\"og:type\" content=\"article\" \/>\n<meta property=\"og:title\" content=\"Gazettes - Assistance au d\u00e9veloppement \u00e9ducatif dans le sud de Madagascar.\" \/>\n<meta property=\"og:description\" content=\"Retrouvez toutes les actualit\u00e9s de l&#8217;association dans notre publication p\u00e9riodique !\" \/>\n<meta property=\"og:url\" content=\"https:\/\/soatata.org\/index.php\/soatata\/gazette\/\" \/>\n<meta property=\"og:site_name\" content=\"Assistance au d\u00e9veloppement \u00e9ducatif dans le sud de Madagascar.\" \/>\n<meta property=\"article:modified_time\" content=\"2026-01-13T13:50:18+00:00\" \/>\n<meta name=\"twitter:card\" content=\"summary_large_image\" \/>\n<meta name=\"twitter:label1\" content=\"Est. reading time\" \/>\n\t<meta name=\"twitter:data1\" content=\"1 minute\" \/>\n<script type=\"application\/ld+json\" class=\"yoast-schema-graph\">{\"@context\":\"https:\\\/\\\/schema.org\",\"@graph\":[{\"@type\":\"WebPage\",\"@id\":\"https:\\\/\\\/soatata.org\\\/index.php\\\/soatata\\\/gazette\\\/\",\"url\":\"https:\\\/\\\/soatata.org\\\/index.php\\\/soatata\\\/gazette\\\/\",\"name\":\"Gazettes - Assistance au d\u00e9veloppement \u00e9ducatif dans le sud de Madagascar.\",\"isPartOf\":{\"@id\":\"http:\\\/\\\/soatata.org\\\/#website\"},\"datePublished\":\"2020-12-16T15:50:51+00:00\",\"dateModified\":\"2026-01-13T13:50:18+00:00\",\"breadcrumb\":{\"@id\":\"https:\\\/\\\/soatata.org\\\/index.php\\\/soatata\\\/gazette\\\/#breadcrumb\"},\"inLanguage\":\"en-US\",\"potentialAction\":[{\"@type\":\"ReadAction\",\"target\":[\"https:\\\/\\\/soatata.org\\\/index.php\\\/soatata\\\/gazette\\\/\"]}]},{\"@type\":\"BreadcrumbList\",\"@id\":\"https:\\\/\\\/soatata.org\\\/index.php\\\/soatata\\\/gazette\\\/#breadcrumb\",\"itemListElement\":[{\"@type\":\"ListItem\",\"position\":1,\"name\":\"Accueil\",\"item\":\"https:\\\/\\\/soatata.org\\\/\"},{\"@type\":\"ListItem\",\"position\":2,\"name\":\"Soatata\",\"item\":\"http:\\\/\\\/soatata.org\\\/index.php\\\/soatata\\\/\"},{\"@type\":\"ListItem\",\"position\":3,\"name\":\"Gazettes\"}]},{\"@type\":\"WebSite\",\"@id\":\"http:\\\/\\\/soatata.org\\\/#website\",\"url\":\"http:\\\/\\\/soatata.org\\\/\",\"name\":\"Assistance au d\u00e9veloppement \u00e9ducatif dans le sud de Madagascar.\",\"description\":\"\",\"publisher\":{\"@id\":\"http:\\\/\\\/soatata.org\\\/#organization\"},\"potentialAction\":[{\"@type\":\"SearchAction\",\"target\":{\"@type\":\"EntryPoint\",\"urlTemplate\":\"http:\\\/\\\/soatata.org\\\/?s={search_term_string}\"},\"query-input\":{\"@type\":\"PropertyValueSpecification\",\"valueRequired\":true,\"valueName\":\"search_term_string\"}}],\"inLanguage\":\"en-US\"},{\"@type\":\"Organization\",\"@id\":\"http:\\\/\\\/soatata.org\\\/#organization\",\"name\":\"Assistance au d\u00e9veloppement \u00e9ducatif dans le sud de Madagascar.\",\"url\":\"http:\\\/\\\/soatata.org\\\/\",\"logo\":{\"@type\":\"ImageObject\",\"inLanguage\":\"en-US\",\"@id\":\"http:\\\/\\\/soatata.org\\\/#\\\/schema\\\/logo\\\/image\\\/\",\"url\":\"https:\\\/\\\/soatata.org\\\/wp-content\\\/uploads\\\/2020\\\/12\\\/cropped-logoSoatata.jpg\",\"contentUrl\":\"https:\\\/\\\/soatata.org\\\/wp-content\\\/uploads\\\/2020\\\/12\\\/cropped-logoSoatata.jpg\",\"width\":276,\"height\":250,\"caption\":\"Assistance au d\u00e9veloppement \u00e9ducatif dans le sud de Madagascar.\"},\"image\":{\"@id\":\"http:\\\/\\\/soatata.org\\\/#\\\/schema\\\/logo\\\/image\\\/\"}}]}<\/script>\n<!-- \/ Yoast SEO plugin. -->","yoast_head_json":{"title":"Gazettes - Assistance au d\u00e9veloppement \u00e9ducatif dans le sud de Madagascar.","robots":{"index":"index","follow":"follow","max-snippet":"max-snippet:-1","max-image-preview":"max-image-preview:large","max-video-preview":"max-video-preview:-1"},"canonical":"https:\/\/soatata.org\/index.php\/soatata\/gazette\/","og_locale":"en_US","og_type":"article","og_title":"Gazettes - Assistance au d\u00e9veloppement \u00e9ducatif dans le sud de Madagascar.","og_description":"Retrouvez toutes les actualit\u00e9s de l&#8217;association dans notre publication p\u00e9riodique !","og_url":"https:\/\/soatata.org\/index.php\/soatata\/gazette\/","og_site_name":"Assistance au d\u00e9veloppement \u00e9ducatif dans le sud de Madagascar.","article_modified_time":"2026-01-13T13:50:18+00:00","twitter_card":"summary_large_image","twitter_misc":{"Est. reading time":"1 minute"},"schema":{"@context":"https:\/\/schema.org","@graph":[{"@type":"WebPage","@id":"https:\/\/soatata.org\/index.php\/soatata\/gazette\/","url":"https:\/\/soatata.org\/index.php\/soatata\/gazette\/","name":"Gazettes - Assistance au d\u00e9veloppement \u00e9ducatif dans le sud de Madagascar.","isPartOf":{"@id":"http:\/\/soatata.org\/#website"},"datePublished":"2020-12-16T15:50:51+00:00","dateModified":"2026-01-13T13:50:18+00:00","breadcrumb":{"@id":"https:\/\/soatata.org\/index.php\/soatata\/gazette\/#breadcrumb"},"inLanguage":"en-US","potentialAction":[{"@type":"ReadAction","target":["https:\/\/soatata.org\/index.php\/soatata\/gazette\/"]}]},{"@type":"BreadcrumbList","@id":"https:\/\/soatata.org\/index.php\/soatata\/gazette\/#breadcrumb","itemListElement":[{"@type":"ListItem","position":1,"name":"Accueil","item":"https:\/\/soatata.org\/"},{"@type":"ListItem","position":2,"name":"Soatata","item":"http:\/\/soatata.org\/index.php\/soatata\/"},{"@type":"ListItem","position":3,"name":"Gazettes"}]},{"@type":"WebSite","@id":"http:\/\/soatata.org\/#website","url":"http:\/\/soatata.org\/","name":"Assistance au d\u00e9veloppement \u00e9ducatif dans le sud de Madagascar.","description":"","publisher":{"@id":"http:\/\/soatata.org\/#organization"},"potentialAction":[{"@type":"SearchAction","target":{"@type":"EntryPoint","urlTemplate":"http:\/\/soatata.org\/?s={search_term_string}"},"query-input":{"@type":"PropertyValueSpecification","valueRequired":true,"valueName":"search_term_string"}}],"inLanguage":"en-US"},{"@type":"Organization","@id":"http:\/\/soatata.org\/#organization","name":"Assistance au d\u00e9veloppement \u00e9ducatif dans le sud de Madagascar.","url":"http:\/\/soatata.org\/","logo":{"@type":"ImageObject","inLanguage":"en-US","@id":"http:\/\/soatata.org\/#\/schema\/logo\/image\/","url":"https:\/\/soatata.org\/wp-content\/uploads\/2020\/12\/cropped-logoSoatata.jpg","contentUrl":"https:\/\/soatata.org\/wp-content\/uploads\/2020\/12\/cropped-logoSoatata.jpg","width":276,"height":250,"caption":"Assistance au d\u00e9veloppement \u00e9ducatif dans le sud de Madagascar."},"image":{"@id":"http:\/\/soatata.org\/#\/schema\/logo\/image\/"}}]}},"jetpack_sharing_enabled":true,"_links":{"self":[{"href":"https:\/\/soatata.org\/index.php\/wp-json\/wp\/v2\/pages\/127","targetHints":{"allow":["GET"]}}],"collection":[{"href":"https:\/\/soatata.org\/index.php\/wp-json\/wp\/v2\/pages"}],"about":[{"href":"https:\/\/soatata.org\/index.php\/wp-json\/wp\/v2\/types\/page"}],"author":[{"embeddable":true,"href":"https:\/\/soatata.org\/index.php\/wp-json\/wp\/v2\/users\/1"}],"replies":[{"embeddable":true,"href":"https:\/\/soatata.org\/index.php\/wp-json\/wp\/v2\/comments?post=127"}],"version-history":[{"count":36,"href":"https:\/\/soatata.org\/index.php\/wp-json\/wp\/v2\/pages\/127\/revisions"}],"predecessor-version":[{"id":2126,"href":"https:\/\/soatata.org\/index.php\/wp-json\/wp\/v2\/pages\/127\/revisions\/2126"}],"up":[{"embeddable":true,"href":"https:\/\/soatata.org\/index.php\/wp-json\/wp\/v2\/pages\/64"}],"wp:attachment":[{"href":"https:\/\/soatata.org\/index.php\/wp-json\/wp\/v2\/media?parent=127"}],"curies":[{"name":"wp","href":"https:\/\/api.w.org\/{rel}","templated":true}]}}