{"id":132,"date":"2020-12-16T16:52:07","date_gmt":"2020-12-16T15:52:07","guid":{"rendered":"http:\/\/soatata.org\/?page_id=132"},"modified":"2026-01-15T15:00:21","modified_gmt":"2026-01-15T14:00:21","slug":"fonctionnement","status":"publish","type":"page","link":"https:\/\/soatata.org\/index.php\/soatata\/fonctionnement\/","title":{"rendered":"Fonctionnement"},"content":{"rendered":"\n<div class=\"wp-block-media-text alignwide is-stacked-on-mobile\"><figure class=\"wp-block-media-text__media\"><a href=\"http:\/\/soatata.org\/wp-content\/uploads\/2020\/12\/Soatatale16juin2018-a-la-Menagerie-de-Sceaux.png\"><img loading=\"lazy\" decoding=\"async\" width=\"937\" height=\"452\" src=\"http:\/\/soatata.org\/wp-content\/uploads\/2020\/12\/Soatatale16juin2018-a-la-Menagerie-de-Sceaux.png\" alt=\"\" class=\"wp-image-520 size-full\" srcset=\"https:\/\/soatata.org\/wp-content\/uploads\/2020\/12\/Soatatale16juin2018-a-la-Menagerie-de-Sceaux.png 937w, https:\/\/soatata.org\/wp-content\/uploads\/2020\/12\/Soatatale16juin2018-a-la-Menagerie-de-Sceaux-300x145.png 300w, https:\/\/soatata.org\/wp-content\/uploads\/2020\/12\/Soatatale16juin2018-a-la-Menagerie-de-Sceaux-768x370.png 768w\" sizes=\"auto, (max-width: 706px) 89vw, (max-width: 767px) 82vw, 740px\" \/><\/a><\/figure><div class=\"wp-block-media-text__content\">\n<p class=\"has-medium-font-size\">Chaleureuse et pleine de vie, l&#8217;\u00e9quipe de Soatata se compose de dizaines de b\u00e9n\u00e9voles sur le terrain qui ont tous en commun les valeurs  que sont l\u2019\u00e9ducation et la solidarit\u00e9.<\/p>\n<\/div><\/div>\n\n\n\n<p class=\"has-medium-font-size\" style=\"line-height:1.5\">Tous les ans une assembl\u00e9e g\u00e9n\u00e9rale se r\u00e9unit \u00e0 SCEAUX (92)&nbsp;. C\u2019est l&#8217;occasion de se retrouver, de faire le  bilan des actions men\u00e9es dans l\u2019ann\u00e9e, de discuter des nouveaux projets&nbsp;et de prendre en compte les retours des personnes parties sur le terrain. Tous les adh\u00e9rents  y sont convi\u00e9s. <\/p>\n\n\n\n<p class=\"has-medium-font-size\" style=\"line-height:1.5\">Les comptes rendus de nos AG depuis 2014 sont disponibles sur demande.<\/p>\n\n\n\n<p class=\"has-medium-font-size\">Notre conseil d&#8217;administration :<\/p>\n\n\n\n<figure class=\"wp-block-table alignleft is-style-regular\"><table class=\"has-background has-fixed-layout\" style=\"background-color:#e9fbe5\"><tbody><tr><td class=\"has-text-align-center\" data-align=\"center\"><img loading=\"lazy\" decoding=\"async\" width=\"150\" height=\"230\" class=\"wp-image-1339\" style=\"width: 150px;\" src=\"http:\/\/soatata.org\/wp-content\/uploads\/2021\/03\/PhotoGeorgette.jpeg\" alt=\"\" srcset=\"https:\/\/soatata.org\/wp-content\/uploads\/2021\/03\/PhotoGeorgette.jpeg 472w, https:\/\/soatata.org\/wp-content\/uploads\/2021\/03\/PhotoGeorgette-195x300.jpeg 195w\" sizes=\"auto, (max-width: 150px) 100vw, 150px\" \/><br>Georgette CHENOT, pr\u00e9sidente<\/td><td class=\"has-text-align-center\" data-align=\"center\">Lova Rakololahy, vice pr\u00e9sidente<\/td><td class=\"has-text-align-center\" data-align=\"center\">Pierre-Yves KWANTES, tr\u00e9sorier<\/td><td class=\"has-text-align-center\" data-align=\"center\"><br><img loading=\"lazy\" decoding=\"async\" width=\"150\" height=\"182\" class=\"wp-image-1347\" style=\"width: 150px;\" src=\"http:\/\/soatata.org\/wp-content\/uploads\/2021\/03\/PhotoPatrice-1.jpeg\" alt=\"\" srcset=\"https:\/\/soatata.org\/wp-content\/uploads\/2021\/03\/PhotoPatrice-1.jpeg 396w, https:\/\/soatata.org\/wp-content\/uploads\/2021\/03\/PhotoPatrice-1-248x300.jpeg 248w\" sizes=\"auto, (max-width: 150px) 100vw, 150px\" \/><br>Patrice DABILLY, tr\u00e9sorier adjoint<\/td><\/tr><tr><td class=\"has-text-align-center\" data-align=\"center\">Val\u00e9rie TOVONDAHY, secr\u00e9taire<\/td><td class=\"has-text-align-center\" data-align=\"center\">Xavier HENNEQUIN, secr\u00e9taire adjoint<\/td><td class=\"has-text-align-center\" data-align=\"center\"><\/td><td class=\"has-text-align-center\" data-align=\"center\"><\/td><\/tr><\/tbody><\/table><figcaption class=\"wp-element-caption\">Le conseil d&#8217;administration<\/figcaption><\/figure>\n\n\n\n<div class=\"wp-block-group\"><div class=\"wp-block-group__inner-container is-layout-flow wp-block-group-is-layout-flow\"><\/div><\/div>\n\n\n\n<p><\/p>\n","protected":false},"excerpt":{"rendered":"<p>Chaleureuse et pleine de vie, l&#8217;\u00e9quipe de Soatata se compose de dizaines de b\u00e9n\u00e9voles sur le terrain qui ont tous en commun les valeurs que sont l\u2019\u00e9ducation et la solidarit\u00e9. Tous les ans une assembl\u00e9e g\u00e9n\u00e9rale se r\u00e9unit \u00e0 SCEAUX (92)&nbsp;. C\u2019est l&#8217;occasion de se retrouver, de faire le bilan des actions men\u00e9es dans l\u2019ann\u00e9e, &hellip; <\/p>\n<p class=\"link-more\"><a href=\"https:\/\/soatata.org\/index.php\/soatata\/fonctionnement\/\" class=\"more-link\">Continue reading<span class=\"screen-reader-text\"> &#8220;Fonctionnement&#8221;<\/span><\/a><\/p>\n","protected":false},"author":1,"featured_media":0,"parent":64,"menu_order":4,"comment_status":"closed","ping_status":"closed","template":"","meta":{"footnotes":""},"class_list":["post-132","page","type-page","status-publish","hentry"],"yoast_head":"<!-- This site is optimized with the Yoast SEO plugin v27.3 - https:\/\/yoast.com\/product\/yoast-seo-wordpress\/ -->\n<title>Fonctionnement - Assistance au d\u00e9veloppement \u00e9ducatif dans le sud de Madagascar.<\/title>\n<meta name=\"robots\" content=\"index, follow, max-snippet:-1, max-image-preview:large, max-video-preview:-1\" \/>\n<link rel=\"canonical\" href=\"https:\/\/soatata.org\/index.php\/soatata\/fonctionnement\/\" \/>\n<meta property=\"og:locale\" content=\"en_US\" \/>\n<meta property=\"og:type\" content=\"article\" \/>\n<meta property=\"og:title\" content=\"Fonctionnement - Assistance au d\u00e9veloppement \u00e9ducatif dans le sud de Madagascar.\" \/>\n<meta property=\"og:description\" content=\"Chaleureuse et pleine de vie, l&#8217;\u00e9quipe de Soatata se compose de dizaines de b\u00e9n\u00e9voles sur le terrain qui ont tous en commun les valeurs que sont l\u2019\u00e9ducation et la solidarit\u00e9. Tous les ans une assembl\u00e9e g\u00e9n\u00e9rale se r\u00e9unit \u00e0 SCEAUX (92)&nbsp;. C\u2019est l&#8217;occasion de se retrouver, de faire le bilan des actions men\u00e9es dans l\u2019ann\u00e9e, &hellip; Continue reading &quot;Fonctionnement&quot;\" \/>\n<meta property=\"og:url\" content=\"https:\/\/soatata.org\/index.php\/soatata\/fonctionnement\/\" \/>\n<meta property=\"og:site_name\" content=\"Assistance au d\u00e9veloppement \u00e9ducatif dans le sud de Madagascar.\" \/>\n<meta property=\"article:modified_time\" content=\"2026-01-15T14:00:21+00:00\" \/>\n<meta property=\"og:image\" content=\"https:\/\/soatata.org\/wp-content\/uploads\/2020\/12\/Soatatale16juin2018-a-la-Menagerie-de-Sceaux.png\" \/>\n\t<meta property=\"og:image:width\" content=\"937\" \/>\n\t<meta property=\"og:image:height\" content=\"452\" \/>\n\t<meta property=\"og:image:type\" content=\"image\/png\" \/>\n<meta name=\"twitter:card\" content=\"summary_large_image\" \/>\n<meta name=\"twitter:label1\" content=\"Est. reading time\" \/>\n\t<meta name=\"twitter:data1\" content=\"2 minutes\" \/>\n<script type=\"application\/ld+json\" class=\"yoast-schema-graph\">{\"@context\":\"https:\\\/\\\/schema.org\",\"@graph\":[{\"@type\":\"WebPage\",\"@id\":\"https:\\\/\\\/soatata.org\\\/index.php\\\/soatata\\\/fonctionnement\\\/\",\"url\":\"https:\\\/\\\/soatata.org\\\/index.php\\\/soatata\\\/fonctionnement\\\/\",\"name\":\"Fonctionnement - Assistance au d\u00e9veloppement \u00e9ducatif dans le sud de Madagascar.\",\"isPartOf\":{\"@id\":\"http:\\\/\\\/soatata.org\\\/#website\"},\"primaryImageOfPage\":{\"@id\":\"https:\\\/\\\/soatata.org\\\/index.php\\\/soatata\\\/fonctionnement\\\/#primaryimage\"},\"image\":{\"@id\":\"https:\\\/\\\/soatata.org\\\/index.php\\\/soatata\\\/fonctionnement\\\/#primaryimage\"},\"thumbnailUrl\":\"http:\\\/\\\/soatata.org\\\/wp-content\\\/uploads\\\/2020\\\/12\\\/Soatatale16juin2018-a-la-Menagerie-de-Sceaux.png\",\"datePublished\":\"2020-12-16T15:52:07+00:00\",\"dateModified\":\"2026-01-15T14:00:21+00:00\",\"breadcrumb\":{\"@id\":\"https:\\\/\\\/soatata.org\\\/index.php\\\/soatata\\\/fonctionnement\\\/#breadcrumb\"},\"inLanguage\":\"en-US\",\"potentialAction\":[{\"@type\":\"ReadAction\",\"target\":[\"https:\\\/\\\/soatata.org\\\/index.php\\\/soatata\\\/fonctionnement\\\/\"]}]},{\"@type\":\"ImageObject\",\"inLanguage\":\"en-US\",\"@id\":\"https:\\\/\\\/soatata.org\\\/index.php\\\/soatata\\\/fonctionnement\\\/#primaryimage\",\"url\":\"https:\\\/\\\/soatata.org\\\/wp-content\\\/uploads\\\/2020\\\/12\\\/Soatatale16juin2018-a-la-Menagerie-de-Sceaux.png\",\"contentUrl\":\"https:\\\/\\\/soatata.org\\\/wp-content\\\/uploads\\\/2020\\\/12\\\/Soatatale16juin2018-a-la-Menagerie-de-Sceaux.png\",\"width\":937,\"height\":452},{\"@type\":\"BreadcrumbList\",\"@id\":\"https:\\\/\\\/soatata.org\\\/index.php\\\/soatata\\\/fonctionnement\\\/#breadcrumb\",\"itemListElement\":[{\"@type\":\"ListItem\",\"position\":1,\"name\":\"Accueil\",\"item\":\"https:\\\/\\\/soatata.org\\\/\"},{\"@type\":\"ListItem\",\"position\":2,\"name\":\"Soatata\",\"item\":\"http:\\\/\\\/soatata.org\\\/index.php\\\/soatata\\\/\"},{\"@type\":\"ListItem\",\"position\":3,\"name\":\"Fonctionnement\"}]},{\"@type\":\"WebSite\",\"@id\":\"http:\\\/\\\/soatata.org\\\/#website\",\"url\":\"http:\\\/\\\/soatata.org\\\/\",\"name\":\"Assistance au d\u00e9veloppement \u00e9ducatif dans le sud de Madagascar.\",\"description\":\"\",\"publisher\":{\"@id\":\"http:\\\/\\\/soatata.org\\\/#organization\"},\"potentialAction\":[{\"@type\":\"SearchAction\",\"target\":{\"@type\":\"EntryPoint\",\"urlTemplate\":\"http:\\\/\\\/soatata.org\\\/?s={search_term_string}\"},\"query-input\":{\"@type\":\"PropertyValueSpecification\",\"valueRequired\":true,\"valueName\":\"search_term_string\"}}],\"inLanguage\":\"en-US\"},{\"@type\":\"Organization\",\"@id\":\"http:\\\/\\\/soatata.org\\\/#organization\",\"name\":\"Assistance au d\u00e9veloppement \u00e9ducatif dans le sud de Madagascar.\",\"url\":\"http:\\\/\\\/soatata.org\\\/\",\"logo\":{\"@type\":\"ImageObject\",\"inLanguage\":\"en-US\",\"@id\":\"http:\\\/\\\/soatata.org\\\/#\\\/schema\\\/logo\\\/image\\\/\",\"url\":\"https:\\\/\\\/soatata.org\\\/wp-content\\\/uploads\\\/2020\\\/12\\\/cropped-logoSoatata.jpg\",\"contentUrl\":\"https:\\\/\\\/soatata.org\\\/wp-content\\\/uploads\\\/2020\\\/12\\\/cropped-logoSoatata.jpg\",\"width\":276,\"height\":250,\"caption\":\"Assistance au d\u00e9veloppement \u00e9ducatif dans le sud de Madagascar.\"},\"image\":{\"@id\":\"http:\\\/\\\/soatata.org\\\/#\\\/schema\\\/logo\\\/image\\\/\"}}]}<\/script>\n<!-- \/ Yoast SEO plugin. -->","yoast_head_json":{"title":"Fonctionnement - Assistance au d\u00e9veloppement \u00e9ducatif dans le sud de Madagascar.","robots":{"index":"index","follow":"follow","max-snippet":"max-snippet:-1","max-image-preview":"max-image-preview:large","max-video-preview":"max-video-preview:-1"},"canonical":"https:\/\/soatata.org\/index.php\/soatata\/fonctionnement\/","og_locale":"en_US","og_type":"article","og_title":"Fonctionnement - Assistance au d\u00e9veloppement \u00e9ducatif dans le sud de Madagascar.","og_description":"Chaleureuse et pleine de vie, l&#8217;\u00e9quipe de Soatata se compose de dizaines de b\u00e9n\u00e9voles sur le terrain qui ont tous en commun les valeurs que sont l\u2019\u00e9ducation et la solidarit\u00e9. Tous les ans une assembl\u00e9e g\u00e9n\u00e9rale se r\u00e9unit \u00e0 SCEAUX (92)&nbsp;. C\u2019est l&#8217;occasion de se retrouver, de faire le bilan des actions men\u00e9es dans l\u2019ann\u00e9e, &hellip; Continue reading \"Fonctionnement\"","og_url":"https:\/\/soatata.org\/index.php\/soatata\/fonctionnement\/","og_site_name":"Assistance au d\u00e9veloppement \u00e9ducatif dans le sud de Madagascar.","article_modified_time":"2026-01-15T14:00:21+00:00","og_image":[{"width":937,"height":452,"url":"https:\/\/soatata.org\/wp-content\/uploads\/2020\/12\/Soatatale16juin2018-a-la-Menagerie-de-Sceaux.png","type":"image\/png"}],"twitter_card":"summary_large_image","twitter_misc":{"Est. reading time":"2 minutes"},"schema":{"@context":"https:\/\/schema.org","@graph":[{"@type":"WebPage","@id":"https:\/\/soatata.org\/index.php\/soatata\/fonctionnement\/","url":"https:\/\/soatata.org\/index.php\/soatata\/fonctionnement\/","name":"Fonctionnement - Assistance au d\u00e9veloppement \u00e9ducatif dans le sud de Madagascar.","isPartOf":{"@id":"http:\/\/soatata.org\/#website"},"primaryImageOfPage":{"@id":"https:\/\/soatata.org\/index.php\/soatata\/fonctionnement\/#primaryimage"},"image":{"@id":"https:\/\/soatata.org\/index.php\/soatata\/fonctionnement\/#primaryimage"},"thumbnailUrl":"http:\/\/soatata.org\/wp-content\/uploads\/2020\/12\/Soatatale16juin2018-a-la-Menagerie-de-Sceaux.png","datePublished":"2020-12-16T15:52:07+00:00","dateModified":"2026-01-15T14:00:21+00:00","breadcrumb":{"@id":"https:\/\/soatata.org\/index.php\/soatata\/fonctionnement\/#breadcrumb"},"inLanguage":"en-US","potentialAction":[{"@type":"ReadAction","target":["https:\/\/soatata.org\/index.php\/soatata\/fonctionnement\/"]}]},{"@type":"ImageObject","inLanguage":"en-US","@id":"https:\/\/soatata.org\/index.php\/soatata\/fonctionnement\/#primaryimage","url":"https:\/\/soatata.org\/wp-content\/uploads\/2020\/12\/Soatatale16juin2018-a-la-Menagerie-de-Sceaux.png","contentUrl":"https:\/\/soatata.org\/wp-content\/uploads\/2020\/12\/Soatatale16juin2018-a-la-Menagerie-de-Sceaux.png","width":937,"height":452},{"@type":"BreadcrumbList","@id":"https:\/\/soatata.org\/index.php\/soatata\/fonctionnement\/#breadcrumb","itemListElement":[{"@type":"ListItem","position":1,"name":"Accueil","item":"https:\/\/soatata.org\/"},{"@type":"ListItem","position":2,"name":"Soatata","item":"http:\/\/soatata.org\/index.php\/soatata\/"},{"@type":"ListItem","position":3,"name":"Fonctionnement"}]},{"@type":"WebSite","@id":"http:\/\/soatata.org\/#website","url":"http:\/\/soatata.org\/","name":"Assistance au d\u00e9veloppement \u00e9ducatif dans le sud de Madagascar.","description":"","publisher":{"@id":"http:\/\/soatata.org\/#organization"},"potentialAction":[{"@type":"SearchAction","target":{"@type":"EntryPoint","urlTemplate":"http:\/\/soatata.org\/?s={search_term_string}"},"query-input":{"@type":"PropertyValueSpecification","valueRequired":true,"valueName":"search_term_string"}}],"inLanguage":"en-US"},{"@type":"Organization","@id":"http:\/\/soatata.org\/#organization","name":"Assistance au d\u00e9veloppement \u00e9ducatif dans le sud de Madagascar.","url":"http:\/\/soatata.org\/","logo":{"@type":"ImageObject","inLanguage":"en-US","@id":"http:\/\/soatata.org\/#\/schema\/logo\/image\/","url":"https:\/\/soatata.org\/wp-content\/uploads\/2020\/12\/cropped-logoSoatata.jpg","contentUrl":"https:\/\/soatata.org\/wp-content\/uploads\/2020\/12\/cropped-logoSoatata.jpg","width":276,"height":250,"caption":"Assistance au d\u00e9veloppement \u00e9ducatif dans le sud de Madagascar."},"image":{"@id":"http:\/\/soatata.org\/#\/schema\/logo\/image\/"}}]}},"jetpack_sharing_enabled":true,"_links":{"self":[{"href":"https:\/\/soatata.org\/index.php\/wp-json\/wp\/v2\/pages\/132","targetHints":{"allow":["GET"]}}],"collection":[{"href":"https:\/\/soatata.org\/index.php\/wp-json\/wp\/v2\/pages"}],"about":[{"href":"https:\/\/soatata.org\/index.php\/wp-json\/wp\/v2\/types\/page"}],"author":[{"embeddable":true,"href":"https:\/\/soatata.org\/index.php\/wp-json\/wp\/v2\/users\/1"}],"replies":[{"embeddable":true,"href":"https:\/\/soatata.org\/index.php\/wp-json\/wp\/v2\/comments?post=132"}],"version-history":[{"count":20,"href":"https:\/\/soatata.org\/index.php\/wp-json\/wp\/v2\/pages\/132\/revisions"}],"predecessor-version":[{"id":2129,"href":"https:\/\/soatata.org\/index.php\/wp-json\/wp\/v2\/pages\/132\/revisions\/2129"}],"up":[{"embeddable":true,"href":"https:\/\/soatata.org\/index.php\/wp-json\/wp\/v2\/pages\/64"}],"wp:attachment":[{"href":"https:\/\/soatata.org\/index.php\/wp-json\/wp\/v2\/media?parent=132"}],"curies":[{"name":"wp","href":"https:\/\/api.w.org\/{rel}","templated":true}]}}