{"id":149,"date":"2020-12-16T16:56:48","date_gmt":"2020-12-16T15:56:48","guid":{"rendered":"http:\/\/soatata.org\/?page_id=149"},"modified":"2026-01-11T09:57:43","modified_gmt":"2026-01-11T08:57:43","slug":"adhesion","status":"publish","type":"page","link":"https:\/\/soatata.org\/index.php\/aidez-nous\/adhesion\/","title":{"rendered":"Adh\u00e9sion"},"content":{"rendered":"\n<div class=\"wp-block-media-text alignwide is-stacked-on-mobile\"><figure class=\"wp-block-media-text__media\"><a href=\"http:\/\/soatata.org\/wp-content\/uploads\/2021\/01\/2018Olivia.png\" target=\"_blank\" rel=\"noreferrer noopener\"><img loading=\"lazy\" decoding=\"async\" width=\"522\" height=\"694\" src=\"http:\/\/soatata.org\/wp-content\/uploads\/2021\/01\/2018Olivia.png\" alt=\"\" class=\"wp-image-1107 size-full\" srcset=\"https:\/\/soatata.org\/wp-content\/uploads\/2021\/01\/2018Olivia.png 522w, https:\/\/soatata.org\/wp-content\/uploads\/2021\/01\/2018Olivia-226x300.png 226w\" sizes=\"auto, (max-width: 522px) 100vw, 522px\" \/><\/a><\/figure><div class=\"wp-block-media-text__content\">\n<p class=\"has-light-green-cyan-background-color has-background has-medium-font-size\">Depuis 10 ans, l\u2019association SOATATA \u0153uvre en France pour r\u00e9colter des fonds afin de promouvoir l\u2019\u00e9ducation des enfants dans le sud de Madagascar.<br>Originaire du pays d\u2019Androy, je retourne r\u00e9guli\u00e8rement sur place pour suivre les diff\u00e9rents chantiers.<br>En France, Soatata fait connaitre Madagascar, sa culture, ses traditions, par des \u00e9v\u00e8nements : journ\u00e9e patrimoine, conf\u00e9rences, expositions, organisation de spectacles, d\u2019atelier samossas, coiffure, danse. <strong>Nous comptons sur vous<\/strong> <strong>&nbsp;: votre aide est essentielle pour nous aider \u00e0 poursuivre<\/strong> <strong>nos objectifs de promotion de l&#8217;\u00e9ducation dans le sud de Madagascar .<\/strong> <strong>Plus que jamais les enfants ont besoin de nous.<\/strong><br><strong>Par avance, merci.<\/strong><br>Misaotra.<br>Georgette CHENOT<br>Pr\u00e9sidente.<\/p>\n<\/div><\/div>\n\n\n\n<p><\/p>\n\n\n\n<div class=\"wp-block-media-text alignwide has-media-on-the-right is-stacked-on-mobile\"><div class=\"wp-block-media-text__content\">\n<p class=\"has-light-green-cyan-background-color has-background has-medium-font-size\">Vous partagez avec nous les valeurs que sont l\u2019\u00e9ducation et la solidarit\u00e9. Aidez les enfants du sud de Madagascar \u00e0 retrouver le sourire d\u2019apprendre en adh\u00e9rant \u00e0 notre association via la plateforme s\u00e9curis\u00e9e d&#8217;Helloasso en suivant<span style=\"text-decoration: underline;\"><a href=\"https:\/\/www.helloasso.com\/associations\/soatata\/adhesions\/bulletin-d-adhesion-2026\" target=\"_blank\" rel=\"noreferrer noopener\"><strong><span style=\"background-color:rgba(0, 0, 0, 0)\" class=\"has-inline-color has-vivid-red-color\">ce lien.<\/span><\/strong><\/a><\/span><\/p>\n<\/div><figure class=\"wp-block-media-text__media\"><a href=\"http:\/\/soatata.org\/wp-content\/uploads\/2023\/12\/7_College-de-Lavanono-entree-de-classe-le-6-novembre-2023-6.png\" target=\"_blank\" rel=\"noreferrer noopener\"><img loading=\"lazy\" decoding=\"async\" width=\"899\" height=\"539\" src=\"http:\/\/soatata.org\/wp-content\/uploads\/2023\/12\/7_College-de-Lavanono-entree-de-classe-le-6-novembre-2023-6.png\" alt=\"\" class=\"wp-image-1819 size-full\" srcset=\"https:\/\/soatata.org\/wp-content\/uploads\/2023\/12\/7_College-de-Lavanono-entree-de-classe-le-6-novembre-2023-6.png 899w, https:\/\/soatata.org\/wp-content\/uploads\/2023\/12\/7_College-de-Lavanono-entree-de-classe-le-6-novembre-2023-6-300x180.png 300w, https:\/\/soatata.org\/wp-content\/uploads\/2023\/12\/7_College-de-Lavanono-entree-de-classe-le-6-novembre-2023-6-768x460.png 768w\" sizes=\"auto, (max-width: 706px) 89vw, (max-width: 767px) 82vw, 740px\" \/><\/a><\/figure><\/div>\n\n\n\n<div class=\"wp-block-columns is-layout-flex wp-container-core-columns-is-layout-9d6595d7 wp-block-columns-is-layout-flex\">\n<div class=\"wp-block-column is-layout-flow wp-block-column-is-layout-flow\" style=\"flex-basis:100%\">\n<div class=\"wp-block-group\"><div class=\"wp-block-group__inner-container is-layout-flow wp-block-group-is-layout-flow\">\n<div class=\"wp-block-columns is-layout-flex wp-container-core-columns-is-layout-9d6595d7 wp-block-columns-is-layout-flex\">\n<div class=\"wp-block-column is-layout-flow wp-block-column-is-layout-flow\" style=\"flex-basis:100%\">\n<div class=\"wp-block-media-text alignwide is-stacked-on-mobile is-vertically-aligned-center\"><figure class=\"wp-block-media-text__media\"><a href=\"http:\/\/soatata.org\/wp-content\/uploads\/2021\/01\/Ejeda_2017_13.jpg\" target=\"_blank\" rel=\"noreferrer noopener\"><img loading=\"lazy\" decoding=\"async\" width=\"438\" height=\"292\" src=\"http:\/\/soatata.org\/wp-content\/uploads\/2021\/01\/Ejeda_2017_13.jpg\" alt=\"\" class=\"wp-image-853 size-full\" srcset=\"https:\/\/soatata.org\/wp-content\/uploads\/2021\/01\/Ejeda_2017_13.jpg 438w, https:\/\/soatata.org\/wp-content\/uploads\/2021\/01\/Ejeda_2017_13-300x200.jpg 300w\" sizes=\"auto, (max-width: 438px) 100vw, 438px\" \/><\/a><\/figure><div class=\"wp-block-media-text__content\">\n<p class=\"has-light-green-cyan-background-color has-background has-medium-font-size\">D\u00e9duction fiscale :<br>SOATATA est une association d\u2019int\u00e9r\u00eat g\u00e9n\u00e9ral \u00e0 caract\u00e8re humanitaire.<br>Les dons consentis \u00e0 des \u0153uvres ou organismes d\u2019int\u00e9r\u00eat g\u00e9n\u00e9ral, \u00e0 but non-lucratif procurent au donateur <strong>une r\u00e9duction d\u2019imp\u00f4t<\/strong>.<br>Outre les dons, les cotisations des membres ou adh\u00e9rents de ces organismes sont \u00e9ligibles \u00e0 la r\u00e9duction d\u2019imp\u00f4t, sous r\u00e9serve de ne b\u00e9n\u00e9ficier d\u2019aucune contrepartie directe ni indirecte.<br>R\u00e9duction d\u2019imp\u00f4ts : vos versements \u00e0 Soatata ouvrent droit en France \u00e0 une r\u00e9duction d\u2019imp\u00f4t \u00e9gale \u00e0 66% des versements pris en compte, dans la limite de 20% de votre revenu imposable.<br><strong>Ainsi, si vous versez 50 euros, vous b\u00e9n\u00e9ficierez d\u2019une d\u00e9duction fiscale en France de 33 euros<\/strong>.<br>Avec Soatata, <strong>1 euro donn\u00e9 est 1 euro<\/strong> investi dans l\u2019action humanitaire.<\/p>\n<\/div><\/div>\n<\/div>\n<\/div>\n<\/div><\/div>\n<\/div>\n<\/div>\n","protected":false},"excerpt":{"rendered":"<p>Depuis 10 ans, l\u2019association SOATATA \u0153uvre en France pour r\u00e9colter des fonds afin de promouvoir l\u2019\u00e9ducation des enfants dans le sud de Madagascar.Originaire du pays d\u2019Androy, je retourne r\u00e9guli\u00e8rement sur place pour suivre les diff\u00e9rents chantiers.En France, Soatata fait connaitre Madagascar, sa culture, ses traditions, par des \u00e9v\u00e8nements : journ\u00e9e patrimoine, conf\u00e9rences, expositions, organisation de &hellip; <\/p>\n<p class=\"link-more\"><a href=\"https:\/\/soatata.org\/index.php\/aidez-nous\/adhesion\/\" class=\"more-link\">Continue reading<span class=\"screen-reader-text\"> &#8220;Adh\u00e9sion&#8221;<\/span><\/a><\/p>\n","protected":false},"author":1,"featured_media":0,"parent":66,"menu_order":0,"comment_status":"closed","ping_status":"closed","template":"","meta":{"footnotes":""},"class_list":["post-149","page","type-page","status-publish","hentry"],"yoast_head":"<!-- This site is optimized with the Yoast SEO plugin v27.3 - https:\/\/yoast.com\/product\/yoast-seo-wordpress\/ -->\n<title>Adh\u00e9sion - Assistance au d\u00e9veloppement \u00e9ducatif dans le sud de Madagascar.<\/title>\n<meta name=\"robots\" content=\"index, follow, max-snippet:-1, max-image-preview:large, max-video-preview:-1\" \/>\n<link rel=\"canonical\" href=\"https:\/\/soatata.org\/index.php\/aidez-nous\/adhesion\/\" \/>\n<meta property=\"og:locale\" content=\"en_US\" \/>\n<meta property=\"og:type\" content=\"article\" \/>\n<meta property=\"og:title\" content=\"Adh\u00e9sion - Assistance au d\u00e9veloppement \u00e9ducatif dans le sud de Madagascar.\" \/>\n<meta property=\"og:description\" content=\"Depuis 10 ans, l\u2019association SOATATA \u0153uvre en France pour r\u00e9colter des fonds afin de promouvoir l\u2019\u00e9ducation des enfants dans le sud de Madagascar.Originaire du pays d\u2019Androy, je retourne r\u00e9guli\u00e8rement sur place pour suivre les diff\u00e9rents chantiers.En France, Soatata fait connaitre Madagascar, sa culture, ses traditions, par des \u00e9v\u00e8nements : journ\u00e9e patrimoine, conf\u00e9rences, expositions, organisation de &hellip; Continue reading &quot;Adh\u00e9sion&quot;\" \/>\n<meta property=\"og:url\" content=\"https:\/\/soatata.org\/index.php\/aidez-nous\/adhesion\/\" \/>\n<meta property=\"og:site_name\" content=\"Assistance au d\u00e9veloppement \u00e9ducatif dans le sud de Madagascar.\" \/>\n<meta property=\"article:modified_time\" content=\"2026-01-11T08:57:43+00:00\" \/>\n<meta property=\"og:image\" content=\"https:\/\/soatata.org\/wp-content\/uploads\/2021\/01\/2018Olivia.png\" \/>\n\t<meta property=\"og:image:width\" content=\"522\" \/>\n\t<meta property=\"og:image:height\" content=\"694\" \/>\n\t<meta property=\"og:image:type\" content=\"image\/png\" \/>\n<meta name=\"twitter:card\" content=\"summary_large_image\" \/>\n<meta name=\"twitter:label1\" content=\"Est. reading time\" \/>\n\t<meta name=\"twitter:data1\" content=\"2 minutes\" \/>\n<script type=\"application\/ld+json\" class=\"yoast-schema-graph\">{\"@context\":\"https:\\\/\\\/schema.org\",\"@graph\":[{\"@type\":\"WebPage\",\"@id\":\"https:\\\/\\\/soatata.org\\\/index.php\\\/aidez-nous\\\/adhesion\\\/\",\"url\":\"https:\\\/\\\/soatata.org\\\/index.php\\\/aidez-nous\\\/adhesion\\\/\",\"name\":\"Adh\u00e9sion - Assistance au d\u00e9veloppement \u00e9ducatif dans le sud de Madagascar.\",\"isPartOf\":{\"@id\":\"http:\\\/\\\/soatata.org\\\/#website\"},\"primaryImageOfPage\":{\"@id\":\"https:\\\/\\\/soatata.org\\\/index.php\\\/aidez-nous\\\/adhesion\\\/#primaryimage\"},\"image\":{\"@id\":\"https:\\\/\\\/soatata.org\\\/index.php\\\/aidez-nous\\\/adhesion\\\/#primaryimage\"},\"thumbnailUrl\":\"http:\\\/\\\/soatata.org\\\/wp-content\\\/uploads\\\/2021\\\/01\\\/2018Olivia.png\",\"datePublished\":\"2020-12-16T15:56:48+00:00\",\"dateModified\":\"2026-01-11T08:57:43+00:00\",\"breadcrumb\":{\"@id\":\"https:\\\/\\\/soatata.org\\\/index.php\\\/aidez-nous\\\/adhesion\\\/#breadcrumb\"},\"inLanguage\":\"en-US\",\"potentialAction\":[{\"@type\":\"ReadAction\",\"target\":[\"https:\\\/\\\/soatata.org\\\/index.php\\\/aidez-nous\\\/adhesion\\\/\"]}]},{\"@type\":\"ImageObject\",\"inLanguage\":\"en-US\",\"@id\":\"https:\\\/\\\/soatata.org\\\/index.php\\\/aidez-nous\\\/adhesion\\\/#primaryimage\",\"url\":\"https:\\\/\\\/soatata.org\\\/wp-content\\\/uploads\\\/2021\\\/01\\\/2018Olivia.png\",\"contentUrl\":\"https:\\\/\\\/soatata.org\\\/wp-content\\\/uploads\\\/2021\\\/01\\\/2018Olivia.png\",\"width\":522,\"height\":694},{\"@type\":\"BreadcrumbList\",\"@id\":\"https:\\\/\\\/soatata.org\\\/index.php\\\/aidez-nous\\\/adhesion\\\/#breadcrumb\",\"itemListElement\":[{\"@type\":\"ListItem\",\"position\":1,\"name\":\"Accueil\",\"item\":\"https:\\\/\\\/soatata.org\\\/\"},{\"@type\":\"ListItem\",\"position\":2,\"name\":\"Aidez-nous\",\"item\":\"https:\\\/\\\/soatata.org\\\/index.php\\\/aidez-nous\\\/\"},{\"@type\":\"ListItem\",\"position\":3,\"name\":\"Adh\u00e9sion\"}]},{\"@type\":\"WebSite\",\"@id\":\"http:\\\/\\\/soatata.org\\\/#website\",\"url\":\"http:\\\/\\\/soatata.org\\\/\",\"name\":\"Assistance au d\u00e9veloppement \u00e9ducatif dans le sud de Madagascar.\",\"description\":\"\",\"publisher\":{\"@id\":\"http:\\\/\\\/soatata.org\\\/#organization\"},\"potentialAction\":[{\"@type\":\"SearchAction\",\"target\":{\"@type\":\"EntryPoint\",\"urlTemplate\":\"http:\\\/\\\/soatata.org\\\/?s={search_term_string}\"},\"query-input\":{\"@type\":\"PropertyValueSpecification\",\"valueRequired\":true,\"valueName\":\"search_term_string\"}}],\"inLanguage\":\"en-US\"},{\"@type\":\"Organization\",\"@id\":\"http:\\\/\\\/soatata.org\\\/#organization\",\"name\":\"Assistance au d\u00e9veloppement \u00e9ducatif dans le sud de Madagascar.\",\"url\":\"http:\\\/\\\/soatata.org\\\/\",\"logo\":{\"@type\":\"ImageObject\",\"inLanguage\":\"en-US\",\"@id\":\"http:\\\/\\\/soatata.org\\\/#\\\/schema\\\/logo\\\/image\\\/\",\"url\":\"https:\\\/\\\/soatata.org\\\/wp-content\\\/uploads\\\/2020\\\/12\\\/cropped-logoSoatata.jpg\",\"contentUrl\":\"https:\\\/\\\/soatata.org\\\/wp-content\\\/uploads\\\/2020\\\/12\\\/cropped-logoSoatata.jpg\",\"width\":276,\"height\":250,\"caption\":\"Assistance au d\u00e9veloppement \u00e9ducatif dans le sud de Madagascar.\"},\"image\":{\"@id\":\"http:\\\/\\\/soatata.org\\\/#\\\/schema\\\/logo\\\/image\\\/\"}}]}<\/script>\n<!-- \/ Yoast SEO plugin. -->","yoast_head_json":{"title":"Adh\u00e9sion - Assistance au d\u00e9veloppement \u00e9ducatif dans le sud de Madagascar.","robots":{"index":"index","follow":"follow","max-snippet":"max-snippet:-1","max-image-preview":"max-image-preview:large","max-video-preview":"max-video-preview:-1"},"canonical":"https:\/\/soatata.org\/index.php\/aidez-nous\/adhesion\/","og_locale":"en_US","og_type":"article","og_title":"Adh\u00e9sion - Assistance au d\u00e9veloppement \u00e9ducatif dans le sud de Madagascar.","og_description":"Depuis 10 ans, l\u2019association SOATATA \u0153uvre en France pour r\u00e9colter des fonds afin de promouvoir l\u2019\u00e9ducation des enfants dans le sud de Madagascar.Originaire du pays d\u2019Androy, je retourne r\u00e9guli\u00e8rement sur place pour suivre les diff\u00e9rents chantiers.En France, Soatata fait connaitre Madagascar, sa culture, ses traditions, par des \u00e9v\u00e8nements : journ\u00e9e patrimoine, conf\u00e9rences, expositions, organisation de &hellip; Continue reading \"Adh\u00e9sion\"","og_url":"https:\/\/soatata.org\/index.php\/aidez-nous\/adhesion\/","og_site_name":"Assistance au d\u00e9veloppement \u00e9ducatif dans le sud de Madagascar.","article_modified_time":"2026-01-11T08:57:43+00:00","og_image":[{"width":522,"height":694,"url":"https:\/\/soatata.org\/wp-content\/uploads\/2021\/01\/2018Olivia.png","type":"image\/png"}],"twitter_card":"summary_large_image","twitter_misc":{"Est. reading time":"2 minutes"},"schema":{"@context":"https:\/\/schema.org","@graph":[{"@type":"WebPage","@id":"https:\/\/soatata.org\/index.php\/aidez-nous\/adhesion\/","url":"https:\/\/soatata.org\/index.php\/aidez-nous\/adhesion\/","name":"Adh\u00e9sion - Assistance au d\u00e9veloppement \u00e9ducatif dans le sud de Madagascar.","isPartOf":{"@id":"http:\/\/soatata.org\/#website"},"primaryImageOfPage":{"@id":"https:\/\/soatata.org\/index.php\/aidez-nous\/adhesion\/#primaryimage"},"image":{"@id":"https:\/\/soatata.org\/index.php\/aidez-nous\/adhesion\/#primaryimage"},"thumbnailUrl":"http:\/\/soatata.org\/wp-content\/uploads\/2021\/01\/2018Olivia.png","datePublished":"2020-12-16T15:56:48+00:00","dateModified":"2026-01-11T08:57:43+00:00","breadcrumb":{"@id":"https:\/\/soatata.org\/index.php\/aidez-nous\/adhesion\/#breadcrumb"},"inLanguage":"en-US","potentialAction":[{"@type":"ReadAction","target":["https:\/\/soatata.org\/index.php\/aidez-nous\/adhesion\/"]}]},{"@type":"ImageObject","inLanguage":"en-US","@id":"https:\/\/soatata.org\/index.php\/aidez-nous\/adhesion\/#primaryimage","url":"https:\/\/soatata.org\/wp-content\/uploads\/2021\/01\/2018Olivia.png","contentUrl":"https:\/\/soatata.org\/wp-content\/uploads\/2021\/01\/2018Olivia.png","width":522,"height":694},{"@type":"BreadcrumbList","@id":"https:\/\/soatata.org\/index.php\/aidez-nous\/adhesion\/#breadcrumb","itemListElement":[{"@type":"ListItem","position":1,"name":"Accueil","item":"https:\/\/soatata.org\/"},{"@type":"ListItem","position":2,"name":"Aidez-nous","item":"https:\/\/soatata.org\/index.php\/aidez-nous\/"},{"@type":"ListItem","position":3,"name":"Adh\u00e9sion"}]},{"@type":"WebSite","@id":"http:\/\/soatata.org\/#website","url":"http:\/\/soatata.org\/","name":"Assistance au d\u00e9veloppement \u00e9ducatif dans le sud de Madagascar.","description":"","publisher":{"@id":"http:\/\/soatata.org\/#organization"},"potentialAction":[{"@type":"SearchAction","target":{"@type":"EntryPoint","urlTemplate":"http:\/\/soatata.org\/?s={search_term_string}"},"query-input":{"@type":"PropertyValueSpecification","valueRequired":true,"valueName":"search_term_string"}}],"inLanguage":"en-US"},{"@type":"Organization","@id":"http:\/\/soatata.org\/#organization","name":"Assistance au d\u00e9veloppement \u00e9ducatif dans le sud de Madagascar.","url":"http:\/\/soatata.org\/","logo":{"@type":"ImageObject","inLanguage":"en-US","@id":"http:\/\/soatata.org\/#\/schema\/logo\/image\/","url":"https:\/\/soatata.org\/wp-content\/uploads\/2020\/12\/cropped-logoSoatata.jpg","contentUrl":"https:\/\/soatata.org\/wp-content\/uploads\/2020\/12\/cropped-logoSoatata.jpg","width":276,"height":250,"caption":"Assistance au d\u00e9veloppement \u00e9ducatif dans le sud de Madagascar."},"image":{"@id":"http:\/\/soatata.org\/#\/schema\/logo\/image\/"}}]}},"jetpack_sharing_enabled":true,"_links":{"self":[{"href":"https:\/\/soatata.org\/index.php\/wp-json\/wp\/v2\/pages\/149","targetHints":{"allow":["GET"]}}],"collection":[{"href":"https:\/\/soatata.org\/index.php\/wp-json\/wp\/v2\/pages"}],"about":[{"href":"https:\/\/soatata.org\/index.php\/wp-json\/wp\/v2\/types\/page"}],"author":[{"embeddable":true,"href":"https:\/\/soatata.org\/index.php\/wp-json\/wp\/v2\/users\/1"}],"replies":[{"embeddable":true,"href":"https:\/\/soatata.org\/index.php\/wp-json\/wp\/v2\/comments?post=149"}],"version-history":[{"count":38,"href":"https:\/\/soatata.org\/index.php\/wp-json\/wp\/v2\/pages\/149\/revisions"}],"predecessor-version":[{"id":2123,"href":"https:\/\/soatata.org\/index.php\/wp-json\/wp\/v2\/pages\/149\/revisions\/2123"}],"up":[{"embeddable":true,"href":"https:\/\/soatata.org\/index.php\/wp-json\/wp\/v2\/pages\/66"}],"wp:attachment":[{"href":"https:\/\/soatata.org\/index.php\/wp-json\/wp\/v2\/media?parent=149"}],"curies":[{"name":"wp","href":"https:\/\/api.w.org\/{rel}","templated":true}]}}