{"id":151,"date":"2020-12-16T16:57:33","date_gmt":"2020-12-16T15:57:33","guid":{"rendered":"http:\/\/soatata.org\/?page_id=151"},"modified":"2025-12-06T12:50:02","modified_gmt":"2025-12-06T11:50:02","slug":"don","status":"publish","type":"page","link":"https:\/\/soatata.org\/index.php\/aidez-nous\/don\/","title":{"rendered":"Don"},"content":{"rendered":"\n<p class=\"has-medium-font-size\">Vous souhaitez contribuer au d\u00e9veloppement culturel et \u00e9ducatif dans le sud de Madagascar ? Offrez-nous les moyens d\u2019agir en faisant un <strong>don en ligne<\/strong> via la plateforme HelloAsso (paiement s\u00e9curis\u00e9) :<\/p>\n\n\n\n<iframe id=\"haWidget\" allowtransparency=\"true\" src=\"https:\/\/www.helloasso.com\/associations\/soatata\/formulaires\/1\/widget-bouton\" style=\"width:100%;height:70px;border:none;\"><\/iframe>\n\n\n\n<p class=\"has-medium-font-size\"><strong>Nous comptons sur vous : votre aide est essentielle pour nous aider \u00e0 poursuivre nos objectifs de promotion de l&#8217;\u00e9ducation dans le sud de Madagascar en 2026.<\/strong><\/p>\n\n\n\n<p class=\"has-medium-font-size\">Vous pouvez aussi nous soutenir en postant un don par ch\u00e8que \u00e0 l&#8217;ordre de SOATATA \u00e0 l&#8217;adresse suivante :<\/p>\n\n\n\n<p class=\"has-medium-font-size\">SOATATA<br>Chez Pierre-Yves Kwantes<br>22 bis rue des Coudrais<br>92330 SCEAUX            <\/p>\n\n\n\n<p class=\"has-medium-font-size\"><strong>Voir aussi la <a href=\"http:\/\/soatata.org\/index.php\/aidez-nous\/nos-partenaires-donateurs\/\">page d\u00e9di\u00e9e \u00e0 nos partenaires&nbsp;donateurs<\/a>&nbsp;:<\/strong><\/p>\n\n\n\n<figure class=\"wp-block-image size-full\"><a href=\"http:\/\/soatata.org\/wp-content\/uploads\/2025\/05\/3_LogosSoatata.png\" target=\"_blank\" rel=\" noreferrer noopener\"><img loading=\"lazy\" decoding=\"async\" width=\"963\" height=\"86\" src=\"http:\/\/soatata.org\/wp-content\/uploads\/2025\/05\/3_LogosSoatata.png\" alt=\"\" class=\"wp-image-2018\" srcset=\"https:\/\/soatata.org\/wp-content\/uploads\/2025\/05\/3_LogosSoatata.png 963w, https:\/\/soatata.org\/wp-content\/uploads\/2025\/05\/3_LogosSoatata-300x27.png 300w, https:\/\/soatata.org\/wp-content\/uploads\/2025\/05\/3_LogosSoatata-768x69.png 768w\" sizes=\"auto, (max-width: 706px) 89vw, (max-width: 767px) 82vw, 740px\" \/><\/a><\/figure>\n","protected":false},"excerpt":{"rendered":"<p>Vous souhaitez contribuer au d\u00e9veloppement culturel et \u00e9ducatif dans le sud de Madagascar ? Offrez-nous les moyens d\u2019agir en faisant un don en ligne via la plateforme HelloAsso (paiement s\u00e9curis\u00e9) : Nous comptons sur vous : votre aide est essentielle pour nous aider \u00e0 poursuivre nos objectifs de promotion de l&#8217;\u00e9ducation dans le sud de &hellip; <\/p>\n<p class=\"link-more\"><a href=\"https:\/\/soatata.org\/index.php\/aidez-nous\/don\/\" class=\"more-link\">Continue reading<span class=\"screen-reader-text\"> &#8220;Don&#8221;<\/span><\/a><\/p>\n","protected":false},"author":1,"featured_media":0,"parent":66,"menu_order":1,"comment_status":"closed","ping_status":"closed","template":"","meta":{"footnotes":""},"class_list":["post-151","page","type-page","status-publish","hentry"],"yoast_head":"<!-- This site is optimized with the Yoast SEO plugin v27.4 - https:\/\/yoast.com\/product\/yoast-seo-wordpress\/ -->\n<title>Don - Assistance au d\u00e9veloppement \u00e9ducatif dans le sud de Madagascar.<\/title>\n<meta name=\"robots\" content=\"index, follow, max-snippet:-1, max-image-preview:large, max-video-preview:-1\" \/>\n<link rel=\"canonical\" href=\"https:\/\/soatata.org\/index.php\/aidez-nous\/don\/\" \/>\n<meta property=\"og:locale\" content=\"en_US\" \/>\n<meta property=\"og:type\" content=\"article\" \/>\n<meta property=\"og:title\" content=\"Don - Assistance au d\u00e9veloppement \u00e9ducatif dans le sud de Madagascar.\" \/>\n<meta property=\"og:description\" content=\"Vous souhaitez contribuer au d\u00e9veloppement culturel et \u00e9ducatif dans le sud de Madagascar ? Offrez-nous les moyens d\u2019agir en faisant un don en ligne via la plateforme HelloAsso (paiement s\u00e9curis\u00e9) : Nous comptons sur vous : votre aide est essentielle pour nous aider \u00e0 poursuivre nos objectifs de promotion de l&#8217;\u00e9ducation dans le sud de &hellip; Continue reading &quot;Don&quot;\" \/>\n<meta property=\"og:url\" content=\"https:\/\/soatata.org\/index.php\/aidez-nous\/don\/\" \/>\n<meta property=\"og:site_name\" content=\"Assistance au d\u00e9veloppement \u00e9ducatif dans le sud de Madagascar.\" \/>\n<meta property=\"article:modified_time\" content=\"2025-12-06T11:50:02+00:00\" \/>\n<meta property=\"og:image\" content=\"https:\/\/soatata.org\/wp-content\/uploads\/2025\/05\/3_LogosSoatata.png\" \/>\n\t<meta property=\"og:image:width\" content=\"963\" \/>\n\t<meta property=\"og:image:height\" content=\"86\" \/>\n\t<meta property=\"og:image:type\" content=\"image\/png\" \/>\n<meta name=\"twitter:card\" content=\"summary_large_image\" \/>\n<meta name=\"twitter:label1\" content=\"Est. reading time\" \/>\n\t<meta name=\"twitter:data1\" content=\"1 minute\" \/>\n<script type=\"application\/ld+json\" class=\"yoast-schema-graph\">{\"@context\":\"https:\\\/\\\/schema.org\",\"@graph\":[{\"@type\":\"WebPage\",\"@id\":\"https:\\\/\\\/soatata.org\\\/index.php\\\/aidez-nous\\\/don\\\/\",\"url\":\"https:\\\/\\\/soatata.org\\\/index.php\\\/aidez-nous\\\/don\\\/\",\"name\":\"Don - Assistance au d\u00e9veloppement \u00e9ducatif dans le sud de Madagascar.\",\"isPartOf\":{\"@id\":\"http:\\\/\\\/soatata.org\\\/#website\"},\"primaryImageOfPage\":{\"@id\":\"https:\\\/\\\/soatata.org\\\/index.php\\\/aidez-nous\\\/don\\\/#primaryimage\"},\"image\":{\"@id\":\"https:\\\/\\\/soatata.org\\\/index.php\\\/aidez-nous\\\/don\\\/#primaryimage\"},\"thumbnailUrl\":\"http:\\\/\\\/soatata.org\\\/wp-content\\\/uploads\\\/2025\\\/05\\\/3_LogosSoatata.png\",\"datePublished\":\"2020-12-16T15:57:33+00:00\",\"dateModified\":\"2025-12-06T11:50:02+00:00\",\"breadcrumb\":{\"@id\":\"https:\\\/\\\/soatata.org\\\/index.php\\\/aidez-nous\\\/don\\\/#breadcrumb\"},\"inLanguage\":\"en-US\",\"potentialAction\":[{\"@type\":\"ReadAction\",\"target\":[\"https:\\\/\\\/soatata.org\\\/index.php\\\/aidez-nous\\\/don\\\/\"]}]},{\"@type\":\"ImageObject\",\"inLanguage\":\"en-US\",\"@id\":\"https:\\\/\\\/soatata.org\\\/index.php\\\/aidez-nous\\\/don\\\/#primaryimage\",\"url\":\"http:\\\/\\\/soatata.org\\\/wp-content\\\/uploads\\\/2025\\\/05\\\/3_LogosSoatata.png\",\"contentUrl\":\"http:\\\/\\\/soatata.org\\\/wp-content\\\/uploads\\\/2025\\\/05\\\/3_LogosSoatata.png\"},{\"@type\":\"BreadcrumbList\",\"@id\":\"https:\\\/\\\/soatata.org\\\/index.php\\\/aidez-nous\\\/don\\\/#breadcrumb\",\"itemListElement\":[{\"@type\":\"ListItem\",\"position\":1,\"name\":\"Accueil\",\"item\":\"https:\\\/\\\/soatata.org\\\/\"},{\"@type\":\"ListItem\",\"position\":2,\"name\":\"Aidez-nous\",\"item\":\"https:\\\/\\\/soatata.org\\\/index.php\\\/aidez-nous\\\/\"},{\"@type\":\"ListItem\",\"position\":3,\"name\":\"Don\"}]},{\"@type\":\"WebSite\",\"@id\":\"http:\\\/\\\/soatata.org\\\/#website\",\"url\":\"http:\\\/\\\/soatata.org\\\/\",\"name\":\"Assistance au d\u00e9veloppement \u00e9ducatif dans le sud de Madagascar.\",\"description\":\"\",\"publisher\":{\"@id\":\"http:\\\/\\\/soatata.org\\\/#organization\"},\"potentialAction\":[{\"@type\":\"SearchAction\",\"target\":{\"@type\":\"EntryPoint\",\"urlTemplate\":\"http:\\\/\\\/soatata.org\\\/?s={search_term_string}\"},\"query-input\":{\"@type\":\"PropertyValueSpecification\",\"valueRequired\":true,\"valueName\":\"search_term_string\"}}],\"inLanguage\":\"en-US\"},{\"@type\":\"Organization\",\"@id\":\"http:\\\/\\\/soatata.org\\\/#organization\",\"name\":\"Assistance au d\u00e9veloppement \u00e9ducatif dans le sud de Madagascar.\",\"url\":\"http:\\\/\\\/soatata.org\\\/\",\"logo\":{\"@type\":\"ImageObject\",\"inLanguage\":\"en-US\",\"@id\":\"http:\\\/\\\/soatata.org\\\/#\\\/schema\\\/logo\\\/image\\\/\",\"url\":\"https:\\\/\\\/soatata.org\\\/wp-content\\\/uploads\\\/2020\\\/12\\\/cropped-logoSoatata.jpg\",\"contentUrl\":\"https:\\\/\\\/soatata.org\\\/wp-content\\\/uploads\\\/2020\\\/12\\\/cropped-logoSoatata.jpg\",\"width\":276,\"height\":250,\"caption\":\"Assistance au d\u00e9veloppement \u00e9ducatif dans le sud de Madagascar.\"},\"image\":{\"@id\":\"http:\\\/\\\/soatata.org\\\/#\\\/schema\\\/logo\\\/image\\\/\"}}]}<\/script>\n<!-- \/ Yoast SEO plugin. -->","yoast_head_json":{"title":"Don - Assistance au d\u00e9veloppement \u00e9ducatif dans le sud de Madagascar.","robots":{"index":"index","follow":"follow","max-snippet":"max-snippet:-1","max-image-preview":"max-image-preview:large","max-video-preview":"max-video-preview:-1"},"canonical":"https:\/\/soatata.org\/index.php\/aidez-nous\/don\/","og_locale":"en_US","og_type":"article","og_title":"Don - Assistance au d\u00e9veloppement \u00e9ducatif dans le sud de Madagascar.","og_description":"Vous souhaitez contribuer au d\u00e9veloppement culturel et \u00e9ducatif dans le sud de Madagascar ? Offrez-nous les moyens d\u2019agir en faisant un don en ligne via la plateforme HelloAsso (paiement s\u00e9curis\u00e9) : Nous comptons sur vous : votre aide est essentielle pour nous aider \u00e0 poursuivre nos objectifs de promotion de l&#8217;\u00e9ducation dans le sud de &hellip; Continue reading \"Don\"","og_url":"https:\/\/soatata.org\/index.php\/aidez-nous\/don\/","og_site_name":"Assistance au d\u00e9veloppement \u00e9ducatif dans le sud de Madagascar.","article_modified_time":"2025-12-06T11:50:02+00:00","og_image":[{"width":963,"height":86,"url":"https:\/\/soatata.org\/wp-content\/uploads\/2025\/05\/3_LogosSoatata.png","type":"image\/png"}],"twitter_card":"summary_large_image","twitter_misc":{"Est. reading time":"1 minute"},"schema":{"@context":"https:\/\/schema.org","@graph":[{"@type":"WebPage","@id":"https:\/\/soatata.org\/index.php\/aidez-nous\/don\/","url":"https:\/\/soatata.org\/index.php\/aidez-nous\/don\/","name":"Don - Assistance au d\u00e9veloppement \u00e9ducatif dans le sud de Madagascar.","isPartOf":{"@id":"http:\/\/soatata.org\/#website"},"primaryImageOfPage":{"@id":"https:\/\/soatata.org\/index.php\/aidez-nous\/don\/#primaryimage"},"image":{"@id":"https:\/\/soatata.org\/index.php\/aidez-nous\/don\/#primaryimage"},"thumbnailUrl":"http:\/\/soatata.org\/wp-content\/uploads\/2025\/05\/3_LogosSoatata.png","datePublished":"2020-12-16T15:57:33+00:00","dateModified":"2025-12-06T11:50:02+00:00","breadcrumb":{"@id":"https:\/\/soatata.org\/index.php\/aidez-nous\/don\/#breadcrumb"},"inLanguage":"en-US","potentialAction":[{"@type":"ReadAction","target":["https:\/\/soatata.org\/index.php\/aidez-nous\/don\/"]}]},{"@type":"ImageObject","inLanguage":"en-US","@id":"https:\/\/soatata.org\/index.php\/aidez-nous\/don\/#primaryimage","url":"http:\/\/soatata.org\/wp-content\/uploads\/2025\/05\/3_LogosSoatata.png","contentUrl":"http:\/\/soatata.org\/wp-content\/uploads\/2025\/05\/3_LogosSoatata.png"},{"@type":"BreadcrumbList","@id":"https:\/\/soatata.org\/index.php\/aidez-nous\/don\/#breadcrumb","itemListElement":[{"@type":"ListItem","position":1,"name":"Accueil","item":"https:\/\/soatata.org\/"},{"@type":"ListItem","position":2,"name":"Aidez-nous","item":"https:\/\/soatata.org\/index.php\/aidez-nous\/"},{"@type":"ListItem","position":3,"name":"Don"}]},{"@type":"WebSite","@id":"http:\/\/soatata.org\/#website","url":"http:\/\/soatata.org\/","name":"Assistance au d\u00e9veloppement \u00e9ducatif dans le sud de Madagascar.","description":"","publisher":{"@id":"http:\/\/soatata.org\/#organization"},"potentialAction":[{"@type":"SearchAction","target":{"@type":"EntryPoint","urlTemplate":"http:\/\/soatata.org\/?s={search_term_string}"},"query-input":{"@type":"PropertyValueSpecification","valueRequired":true,"valueName":"search_term_string"}}],"inLanguage":"en-US"},{"@type":"Organization","@id":"http:\/\/soatata.org\/#organization","name":"Assistance au d\u00e9veloppement \u00e9ducatif dans le sud de Madagascar.","url":"http:\/\/soatata.org\/","logo":{"@type":"ImageObject","inLanguage":"en-US","@id":"http:\/\/soatata.org\/#\/schema\/logo\/image\/","url":"https:\/\/soatata.org\/wp-content\/uploads\/2020\/12\/cropped-logoSoatata.jpg","contentUrl":"https:\/\/soatata.org\/wp-content\/uploads\/2020\/12\/cropped-logoSoatata.jpg","width":276,"height":250,"caption":"Assistance au d\u00e9veloppement \u00e9ducatif dans le sud de Madagascar."},"image":{"@id":"http:\/\/soatata.org\/#\/schema\/logo\/image\/"}}]}},"jetpack_sharing_enabled":true,"_links":{"self":[{"href":"https:\/\/soatata.org\/index.php\/wp-json\/wp\/v2\/pages\/151","targetHints":{"allow":["GET"]}}],"collection":[{"href":"https:\/\/soatata.org\/index.php\/wp-json\/wp\/v2\/pages"}],"about":[{"href":"https:\/\/soatata.org\/index.php\/wp-json\/wp\/v2\/types\/page"}],"author":[{"embeddable":true,"href":"https:\/\/soatata.org\/index.php\/wp-json\/wp\/v2\/users\/1"}],"replies":[{"embeddable":true,"href":"https:\/\/soatata.org\/index.php\/wp-json\/wp\/v2\/comments?post=151"}],"version-history":[{"count":34,"href":"https:\/\/soatata.org\/index.php\/wp-json\/wp\/v2\/pages\/151\/revisions"}],"predecessor-version":[{"id":2073,"href":"https:\/\/soatata.org\/index.php\/wp-json\/wp\/v2\/pages\/151\/revisions\/2073"}],"up":[{"embeddable":true,"href":"https:\/\/soatata.org\/index.php\/wp-json\/wp\/v2\/pages\/66"}],"wp:attachment":[{"href":"https:\/\/soatata.org\/index.php\/wp-json\/wp\/v2\/media?parent=151"}],"curies":[{"name":"wp","href":"https:\/\/api.w.org\/{rel}","templated":true}]}}