{"id":426,"date":"2020-12-18T12:49:27","date_gmt":"2020-12-18T11:49:27","guid":{"rendered":"http:\/\/soatata.org\/?page_id=426"},"modified":"2025-12-06T12:43:22","modified_gmt":"2025-12-06T11:43:22","slug":"nos-partenaires-donateurs","status":"publish","type":"page","link":"https:\/\/soatata.org\/index.php\/aidez-nous\/nos-partenaires-donateurs\/","title":{"rendered":"Nos partenaires donateurs"},"content":{"rendered":"\n<h3 class=\"wp-block-heading\"><strong>Vous \u00eates une entreprise ou une collectivit\u00e9 et partagez avec nous les valeurs que sont l\u2019\u00e9ducation et la solidarit\u00e9 ? <a href=\"http:\/\/soatata.org\/index.php\/devenir-partenaire-donateur\/\">Devenez partenaire donateur<\/a> !<\/strong><\/h3>\n\n\n\n<p class=\"has-medium-font-size\">Aujourd&#8217;hui ils nous accompagnent :<\/p>\n\n\n\n<div class=\"wp-block-columns is-layout-flex wp-container-core-columns-is-layout-9d6595d7 wp-block-columns-is-layout-flex\">\n<div class=\"wp-block-column is-layout-flow wp-block-column-is-layout-flow\" style=\"flex-basis:100%\">\n<figure class=\"wp-block-table is-style-stripes\"><table><tbody><tr><td class=\"has-text-align-left\" data-align=\"left\"><img loading=\"lazy\" decoding=\"async\" width=\"150\" height=\"84\" class=\"wp-image-2021\" style=\"width: 150px;\" src=\"http:\/\/soatata.org\/wp-content\/uploads\/2025\/05\/4_Talents-et-Partage.jpg\" alt=\"\" srcset=\"https:\/\/soatata.org\/wp-content\/uploads\/2025\/05\/4_Talents-et-Partage.jpg 1280w, https:\/\/soatata.org\/wp-content\/uploads\/2025\/05\/4_Talents-et-Partage-300x169.jpg 300w, https:\/\/soatata.org\/wp-content\/uploads\/2025\/05\/4_Talents-et-Partage-1024x576.jpg 1024w, https:\/\/soatata.org\/wp-content\/uploads\/2025\/05\/4_Talents-et-Partage-768x432.jpg 768w\" sizes=\"auto, (max-width: 150px) 100vw, 150px\" \/><a href=\"https:\/\/www.menetou-salon.fr\/plan-interactif\/14:menetou-salon-en-fete-m-s-e-f\"><\/a><\/td><td class=\"has-text-align-left\" data-align=\"left\">Talents et Partage, l\u2019association de solidarit\u00e9 des salari\u00e9s et des retrait\u00e9s du Groupe Soci\u00e9t\u00e9 G\u00e9n\u00e9rale<\/td><\/tr><tr><td class=\"has-text-align-left\" data-align=\"left\"><a href=\"https:\/\/www.menetou-salon.fr\/plan-interactif\/14:menetou-salon-en-fete-m-s-e-f\"><img decoding=\"async\" src=\"http:\/\/soatata.org\/wp-content\/uploads\/2020\/12\/logoMSEF.png\" style=\"width: 150px;\" alt=\"\"><\/a><\/td><td class=\"has-text-align-left\" data-align=\"left\">Menetou Salon En F\u00eate (MSEF), association \u00e0 but humanitaire et caritatif \u00e0 destination des plus d\u00e9munis<\/td><\/tr><tr><td class=\"has-text-align-left\" data-align=\"left\"><a href=\"https:\/\/www.sceaux.fr\/\"><img decoding=\"async\" src=\"http:\/\/soatata.org\/wp-content\/uploads\/2020\/12\/4Logovilledesceaux-e1611423669193.jpg\" alt=\"\" style=\"width: 150px;\"><\/a><br><\/td><td class=\"has-text-align-left\" data-align=\"left\">Mairie de Sceaux<\/td><\/tr><tr><td class=\"has-text-align-left\" data-align=\"left\"><a href=\"https:\/\/fact-madagascar.org\/fact-madagascar\/\"><img decoding=\"async\" src=\"http:\/\/soatata.org\/wp-content\/uploads\/2020\/12\/8LogoFactMada.png\" alt=\"\" style=\"width: 150px;\"><\/a><br><\/td><td class=\"has-text-align-left\" data-align=\"left\">FEDER\u2019ACTIONS MADAGASCAR<\/td><\/tr><tr><td class=\"has-text-align-left\" data-align=\"left\"><a href=\"https:\/\/www.iledefrance.fr\/aramis-aide-regionale-aux-associations-pour-les-microprojets-internationaux-de-solidarite\"><img loading=\"lazy\" decoding=\"async\" width=\"150\" height=\"116\" class=\"wp-image-314\" style=\"width: 150px;\" src=\"http:\/\/soatata.org\/wp-content\/uploads\/2020\/12\/5LogoRegion-Ile-de-France.png.jpg\" alt=\"\" srcset=\"https:\/\/soatata.org\/wp-content\/uploads\/2020\/12\/5LogoRegion-Ile-de-France.png.jpg 500w, https:\/\/soatata.org\/wp-content\/uploads\/2020\/12\/5LogoRegion-Ile-de-France.png-300x231.jpg 300w\" sizes=\"auto, (max-width: 150px) 100vw, 150px\" \/><\/a><br><\/td><td class=\"has-text-align-left\" data-align=\"left\">Conseil R\u00e9gional d\u2019Ile de France. Aramis, Aide R\u00e9gionale aux Associations pour les Microprojets Internationaux de Solidarit\u00e9<\/td><\/tr><tr><td class=\"has-text-align-left\" data-align=\"left\"><a href=\"https:\/\/forim.net\/\"><img decoding=\"async\" src=\"http:\/\/soatata.org\/wp-content\/uploads\/2020\/12\/9LogoForim.png\" alt=\"\" style=\"width: 150px;\"><\/a><br><\/td><td class=\"has-text-align-left\" data-align=\"left\">Forum des Organisations de Solidarit\u00e9 Internationale issues des Migrations<\/td><\/tr><tr><td class=\"has-text-align-left\" data-align=\"left\"><a href=\"https:\/\/www.lions-france.org\/les-structures-locales\/club\/626\"><img decoding=\"async\" src=\"http:\/\/soatata.org\/wp-content\/uploads\/2020\/12\/lions.png\" alt=\"\" style=\"width: 150px;\"><\/a><\/td><td class=\"has-text-align-left\" data-align=\"left\">Lions Clichy-Levallois Perret Doyen<\/td><\/tr><tr><td class=\"has-text-align-left\" data-align=\"left\"><a href=\"https:\/\/www.lions-france.org\/\"><img decoding=\"async\" src=\"http:\/\/soatata.org\/wp-content\/uploads\/2020\/12\/7LogoLions.png\" alt=\"\" style=\"width: 150px;\"><\/a><br><\/td><td class=\"has-text-align-left\" data-align=\"left\">Sceaux<\/td><\/tr><tr><td class=\"has-text-align-left\" data-align=\"left\"><img loading=\"lazy\" decoding=\"async\" width=\"150\" height=\"145\" class=\"wp-image-1578\" style=\"width: 150px;\" src=\"http:\/\/soatata.org\/wp-content\/uploads\/2023\/02\/1_LogoAgence-des-micros-projets.png\" alt=\"\" srcset=\"https:\/\/soatata.org\/wp-content\/uploads\/2023\/02\/1_LogoAgence-des-micros-projets.png 343w, https:\/\/soatata.org\/wp-content\/uploads\/2023\/02\/1_LogoAgence-des-micros-projets-300x290.png 300w\" sizes=\"auto, (max-width: 150px) 100vw, 150px\" \/><\/td><td class=\"has-text-align-left\" data-align=\"left\">Agence des Micros Projets<\/td><\/tr><tr><td class=\"has-text-align-left\" data-align=\"left\"><img loading=\"lazy\" decoding=\"async\" width=\"150\" height=\"106\" class=\"wp-image-1579\" style=\"width: 150px;\" src=\"http:\/\/soatata.org\/wp-content\/uploads\/2023\/02\/2_logoMadaoLOGO.png\" alt=\"\" srcset=\"https:\/\/soatata.org\/wp-content\/uploads\/2023\/02\/2_logoMadaoLOGO.png 1753w, https:\/\/soatata.org\/wp-content\/uploads\/2023\/02\/2_logoMadaoLOGO-300x212.png 300w, https:\/\/soatata.org\/wp-content\/uploads\/2023\/02\/2_logoMadaoLOGO-1024x724.png 1024w, https:\/\/soatata.org\/wp-content\/uploads\/2023\/02\/2_logoMadaoLOGO-768x543.png 768w, https:\/\/soatata.org\/wp-content\/uploads\/2023\/02\/2_logoMadaoLOGO-1536x1087.png 1536w\" sizes=\"auto, (max-width: 150px) 100vw, 150px\" \/><\/td><td class=\"has-text-align-left\" data-align=\"left\">Madao<\/td><\/tr><tr><td class=\"has-text-align-left\" data-align=\"left\"><img loading=\"lazy\" decoding=\"async\" width=\"150\" height=\"77\" class=\"wp-image-1580\" style=\"width: 150px;\" src=\"http:\/\/soatata.org\/wp-content\/uploads\/2023\/02\/3_LogoBAW.png\" alt=\"\"><\/td><td class=\"has-text-align-left\" data-align=\"left\">Business At Work<\/td><\/tr><tr><td class=\"has-text-align-left\" data-align=\"left\"><img loading=\"lazy\" decoding=\"async\" width=\"150\" height=\"70\" class=\"wp-image-2069\" style=\"width: 150px;\" src=\"http:\/\/soatata.org\/wp-content\/uploads\/2025\/12\/LogoCGI.png\" alt=\"\"><\/td><td class=\"has-text-align-left\" data-align=\"left\">CGI<\/td><\/tr><tr><td class=\"has-text-align-left\" data-align=\"left\"><img loading=\"lazy\" decoding=\"async\" width=\"150\" height=\"59\" class=\"wp-image-2068\" style=\"width: 150px;\" src=\"http:\/\/soatata.org\/wp-content\/uploads\/2025\/12\/Logo-Tango-Bourges-Basket.png\" alt=\"\"><\/td><td class=\"has-text-align-left\" data-align=\"left\">Tango Bourges Basket<\/td><\/tr><tr><td class=\"has-text-align-left\" data-align=\"left\"><img loading=\"lazy\" decoding=\"async\" width=\"150\" height=\"92\" class=\"wp-image-2067\" style=\"width: 150px;\" src=\"http:\/\/soatata.org\/wp-content\/uploads\/2025\/12\/Logo-Pra_Osim.png\" alt=\"\" srcset=\"https:\/\/soatata.org\/wp-content\/uploads\/2025\/12\/Logo-Pra_Osim.png 391w, https:\/\/soatata.org\/wp-content\/uploads\/2025\/12\/Logo-Pra_Osim-300x184.png 300w\" sizes=\"auto, (max-width: 150px) 100vw, 150px\" \/><\/td><td class=\"has-text-align-left\" data-align=\"left\">Pra\/Osim<\/td><\/tr><\/tbody><\/table><\/figure>\n\n\n\n<p><\/p>\n<\/div>\n<\/div>\n\n\n\n<h2 class=\"wp-block-heading has-text-align-center\">Un grand merci \u00e0 nos partenaires donateurs !<\/h2>\n","protected":false},"excerpt":{"rendered":"<p>Vous \u00eates une entreprise ou une collectivit\u00e9 et partagez avec nous les valeurs que sont l\u2019\u00e9ducation et la solidarit\u00e9 ? Devenez partenaire donateur ! Aujourd&#8217;hui ils nous accompagnent : Talents et Partage, l\u2019association de solidarit\u00e9 des salari\u00e9s et des retrait\u00e9s du Groupe Soci\u00e9t\u00e9 G\u00e9n\u00e9rale Menetou Salon En F\u00eate (MSEF), association \u00e0 but humanitaire et caritatif &hellip; <\/p>\n<p class=\"link-more\"><a href=\"https:\/\/soatata.org\/index.php\/aidez-nous\/nos-partenaires-donateurs\/\" class=\"more-link\">Continue reading<span class=\"screen-reader-text\"> &#8220;Nos partenaires donateurs&#8221;<\/span><\/a><\/p>\n","protected":false},"author":1,"featured_media":0,"parent":66,"menu_order":0,"comment_status":"closed","ping_status":"closed","template":"","meta":{"footnotes":""},"class_list":["post-426","page","type-page","status-publish","hentry"],"yoast_head":"<!-- This site is optimized with the Yoast SEO plugin v27.4 - https:\/\/yoast.com\/product\/yoast-seo-wordpress\/ -->\n<title>Nos partenaires donateurs - Assistance au d\u00e9veloppement \u00e9ducatif dans le sud de Madagascar.<\/title>\n<meta name=\"robots\" content=\"index, follow, max-snippet:-1, max-image-preview:large, max-video-preview:-1\" \/>\n<link rel=\"canonical\" href=\"https:\/\/soatata.org\/index.php\/aidez-nous\/nos-partenaires-donateurs\/\" \/>\n<meta property=\"og:locale\" content=\"en_US\" \/>\n<meta property=\"og:type\" content=\"article\" \/>\n<meta property=\"og:title\" content=\"Nos partenaires donateurs - Assistance au d\u00e9veloppement \u00e9ducatif dans le sud de Madagascar.\" \/>\n<meta property=\"og:description\" content=\"Vous \u00eates une entreprise ou une collectivit\u00e9 et partagez avec nous les valeurs que sont l\u2019\u00e9ducation et la solidarit\u00e9 ? Devenez partenaire donateur ! Aujourd&#8217;hui ils nous accompagnent : Talents et Partage, l\u2019association de solidarit\u00e9 des salari\u00e9s et des retrait\u00e9s du Groupe Soci\u00e9t\u00e9 G\u00e9n\u00e9rale Menetou Salon En F\u00eate (MSEF), association \u00e0 but humanitaire et caritatif &hellip; Continue reading &quot;Nos partenaires donateurs&quot;\" \/>\n<meta property=\"og:url\" content=\"https:\/\/soatata.org\/index.php\/aidez-nous\/nos-partenaires-donateurs\/\" \/>\n<meta property=\"og:site_name\" content=\"Assistance au d\u00e9veloppement \u00e9ducatif dans le sud de Madagascar.\" \/>\n<meta property=\"article:modified_time\" content=\"2025-12-06T11:43:22+00:00\" \/>\n<meta property=\"og:image\" content=\"https:\/\/soatata.org\/wp-content\/uploads\/2025\/05\/4_Talents-et-Partage.jpg\" \/>\n\t<meta property=\"og:image:width\" content=\"1280\" \/>\n\t<meta property=\"og:image:height\" content=\"720\" \/>\n\t<meta property=\"og:image:type\" content=\"image\/jpeg\" \/>\n<meta name=\"twitter:card\" content=\"summary_large_image\" \/>\n<meta name=\"twitter:label1\" content=\"Est. reading time\" \/>\n\t<meta name=\"twitter:data1\" content=\"4 minutes\" \/>\n<script type=\"application\/ld+json\" class=\"yoast-schema-graph\">{\"@context\":\"https:\\\/\\\/schema.org\",\"@graph\":[{\"@type\":\"WebPage\",\"@id\":\"https:\\\/\\\/soatata.org\\\/index.php\\\/aidez-nous\\\/nos-partenaires-donateurs\\\/\",\"url\":\"https:\\\/\\\/soatata.org\\\/index.php\\\/aidez-nous\\\/nos-partenaires-donateurs\\\/\",\"name\":\"Nos partenaires donateurs - Assistance au d\u00e9veloppement \u00e9ducatif dans le sud de Madagascar.\",\"isPartOf\":{\"@id\":\"http:\\\/\\\/soatata.org\\\/#website\"},\"primaryImageOfPage\":{\"@id\":\"https:\\\/\\\/soatata.org\\\/index.php\\\/aidez-nous\\\/nos-partenaires-donateurs\\\/#primaryimage\"},\"image\":{\"@id\":\"https:\\\/\\\/soatata.org\\\/index.php\\\/aidez-nous\\\/nos-partenaires-donateurs\\\/#primaryimage\"},\"thumbnailUrl\":\"http:\\\/\\\/soatata.org\\\/wp-content\\\/uploads\\\/2025\\\/05\\\/4_Talents-et-Partage.jpg\",\"datePublished\":\"2020-12-18T11:49:27+00:00\",\"dateModified\":\"2025-12-06T11:43:22+00:00\",\"breadcrumb\":{\"@id\":\"https:\\\/\\\/soatata.org\\\/index.php\\\/aidez-nous\\\/nos-partenaires-donateurs\\\/#breadcrumb\"},\"inLanguage\":\"en-US\",\"potentialAction\":[{\"@type\":\"ReadAction\",\"target\":[\"https:\\\/\\\/soatata.org\\\/index.php\\\/aidez-nous\\\/nos-partenaires-donateurs\\\/\"]}]},{\"@type\":\"ImageObject\",\"inLanguage\":\"en-US\",\"@id\":\"https:\\\/\\\/soatata.org\\\/index.php\\\/aidez-nous\\\/nos-partenaires-donateurs\\\/#primaryimage\",\"url\":\"https:\\\/\\\/soatata.org\\\/wp-content\\\/uploads\\\/2025\\\/05\\\/4_Talents-et-Partage.jpg\",\"contentUrl\":\"https:\\\/\\\/soatata.org\\\/wp-content\\\/uploads\\\/2025\\\/05\\\/4_Talents-et-Partage.jpg\",\"width\":1280,\"height\":720},{\"@type\":\"BreadcrumbList\",\"@id\":\"https:\\\/\\\/soatata.org\\\/index.php\\\/aidez-nous\\\/nos-partenaires-donateurs\\\/#breadcrumb\",\"itemListElement\":[{\"@type\":\"ListItem\",\"position\":1,\"name\":\"Accueil\",\"item\":\"https:\\\/\\\/soatata.org\\\/\"},{\"@type\":\"ListItem\",\"position\":2,\"name\":\"Aidez-nous\",\"item\":\"https:\\\/\\\/soatata.org\\\/index.php\\\/aidez-nous\\\/\"},{\"@type\":\"ListItem\",\"position\":3,\"name\":\"Nos partenaires donateurs\"}]},{\"@type\":\"WebSite\",\"@id\":\"http:\\\/\\\/soatata.org\\\/#website\",\"url\":\"http:\\\/\\\/soatata.org\\\/\",\"name\":\"Assistance au d\u00e9veloppement \u00e9ducatif dans le sud de Madagascar.\",\"description\":\"\",\"publisher\":{\"@id\":\"http:\\\/\\\/soatata.org\\\/#organization\"},\"potentialAction\":[{\"@type\":\"SearchAction\",\"target\":{\"@type\":\"EntryPoint\",\"urlTemplate\":\"http:\\\/\\\/soatata.org\\\/?s={search_term_string}\"},\"query-input\":{\"@type\":\"PropertyValueSpecification\",\"valueRequired\":true,\"valueName\":\"search_term_string\"}}],\"inLanguage\":\"en-US\"},{\"@type\":\"Organization\",\"@id\":\"http:\\\/\\\/soatata.org\\\/#organization\",\"name\":\"Assistance au d\u00e9veloppement \u00e9ducatif dans le sud de Madagascar.\",\"url\":\"http:\\\/\\\/soatata.org\\\/\",\"logo\":{\"@type\":\"ImageObject\",\"inLanguage\":\"en-US\",\"@id\":\"http:\\\/\\\/soatata.org\\\/#\\\/schema\\\/logo\\\/image\\\/\",\"url\":\"https:\\\/\\\/soatata.org\\\/wp-content\\\/uploads\\\/2020\\\/12\\\/cropped-logoSoatata.jpg\",\"contentUrl\":\"https:\\\/\\\/soatata.org\\\/wp-content\\\/uploads\\\/2020\\\/12\\\/cropped-logoSoatata.jpg\",\"width\":276,\"height\":250,\"caption\":\"Assistance au d\u00e9veloppement \u00e9ducatif dans le sud de Madagascar.\"},\"image\":{\"@id\":\"http:\\\/\\\/soatata.org\\\/#\\\/schema\\\/logo\\\/image\\\/\"}}]}<\/script>\n<!-- \/ Yoast SEO plugin. -->","yoast_head_json":{"title":"Nos partenaires donateurs - Assistance au d\u00e9veloppement \u00e9ducatif dans le sud de Madagascar.","robots":{"index":"index","follow":"follow","max-snippet":"max-snippet:-1","max-image-preview":"max-image-preview:large","max-video-preview":"max-video-preview:-1"},"canonical":"https:\/\/soatata.org\/index.php\/aidez-nous\/nos-partenaires-donateurs\/","og_locale":"en_US","og_type":"article","og_title":"Nos partenaires donateurs - Assistance au d\u00e9veloppement \u00e9ducatif dans le sud de Madagascar.","og_description":"Vous \u00eates une entreprise ou une collectivit\u00e9 et partagez avec nous les valeurs que sont l\u2019\u00e9ducation et la solidarit\u00e9 ? Devenez partenaire donateur ! Aujourd&#8217;hui ils nous accompagnent : Talents et Partage, l\u2019association de solidarit\u00e9 des salari\u00e9s et des retrait\u00e9s du Groupe Soci\u00e9t\u00e9 G\u00e9n\u00e9rale Menetou Salon En F\u00eate (MSEF), association \u00e0 but humanitaire et caritatif &hellip; Continue reading \"Nos partenaires donateurs\"","og_url":"https:\/\/soatata.org\/index.php\/aidez-nous\/nos-partenaires-donateurs\/","og_site_name":"Assistance au d\u00e9veloppement \u00e9ducatif dans le sud de Madagascar.","article_modified_time":"2025-12-06T11:43:22+00:00","og_image":[{"width":1280,"height":720,"url":"https:\/\/soatata.org\/wp-content\/uploads\/2025\/05\/4_Talents-et-Partage.jpg","type":"image\/jpeg"}],"twitter_card":"summary_large_image","twitter_misc":{"Est. reading time":"4 minutes"},"schema":{"@context":"https:\/\/schema.org","@graph":[{"@type":"WebPage","@id":"https:\/\/soatata.org\/index.php\/aidez-nous\/nos-partenaires-donateurs\/","url":"https:\/\/soatata.org\/index.php\/aidez-nous\/nos-partenaires-donateurs\/","name":"Nos partenaires donateurs - Assistance au d\u00e9veloppement \u00e9ducatif dans le sud de Madagascar.","isPartOf":{"@id":"http:\/\/soatata.org\/#website"},"primaryImageOfPage":{"@id":"https:\/\/soatata.org\/index.php\/aidez-nous\/nos-partenaires-donateurs\/#primaryimage"},"image":{"@id":"https:\/\/soatata.org\/index.php\/aidez-nous\/nos-partenaires-donateurs\/#primaryimage"},"thumbnailUrl":"http:\/\/soatata.org\/wp-content\/uploads\/2025\/05\/4_Talents-et-Partage.jpg","datePublished":"2020-12-18T11:49:27+00:00","dateModified":"2025-12-06T11:43:22+00:00","breadcrumb":{"@id":"https:\/\/soatata.org\/index.php\/aidez-nous\/nos-partenaires-donateurs\/#breadcrumb"},"inLanguage":"en-US","potentialAction":[{"@type":"ReadAction","target":["https:\/\/soatata.org\/index.php\/aidez-nous\/nos-partenaires-donateurs\/"]}]},{"@type":"ImageObject","inLanguage":"en-US","@id":"https:\/\/soatata.org\/index.php\/aidez-nous\/nos-partenaires-donateurs\/#primaryimage","url":"https:\/\/soatata.org\/wp-content\/uploads\/2025\/05\/4_Talents-et-Partage.jpg","contentUrl":"https:\/\/soatata.org\/wp-content\/uploads\/2025\/05\/4_Talents-et-Partage.jpg","width":1280,"height":720},{"@type":"BreadcrumbList","@id":"https:\/\/soatata.org\/index.php\/aidez-nous\/nos-partenaires-donateurs\/#breadcrumb","itemListElement":[{"@type":"ListItem","position":1,"name":"Accueil","item":"https:\/\/soatata.org\/"},{"@type":"ListItem","position":2,"name":"Aidez-nous","item":"https:\/\/soatata.org\/index.php\/aidez-nous\/"},{"@type":"ListItem","position":3,"name":"Nos partenaires donateurs"}]},{"@type":"WebSite","@id":"http:\/\/soatata.org\/#website","url":"http:\/\/soatata.org\/","name":"Assistance au d\u00e9veloppement \u00e9ducatif dans le sud de Madagascar.","description":"","publisher":{"@id":"http:\/\/soatata.org\/#organization"},"potentialAction":[{"@type":"SearchAction","target":{"@type":"EntryPoint","urlTemplate":"http:\/\/soatata.org\/?s={search_term_string}"},"query-input":{"@type":"PropertyValueSpecification","valueRequired":true,"valueName":"search_term_string"}}],"inLanguage":"en-US"},{"@type":"Organization","@id":"http:\/\/soatata.org\/#organization","name":"Assistance au d\u00e9veloppement \u00e9ducatif dans le sud de Madagascar.","url":"http:\/\/soatata.org\/","logo":{"@type":"ImageObject","inLanguage":"en-US","@id":"http:\/\/soatata.org\/#\/schema\/logo\/image\/","url":"https:\/\/soatata.org\/wp-content\/uploads\/2020\/12\/cropped-logoSoatata.jpg","contentUrl":"https:\/\/soatata.org\/wp-content\/uploads\/2020\/12\/cropped-logoSoatata.jpg","width":276,"height":250,"caption":"Assistance au d\u00e9veloppement \u00e9ducatif dans le sud de Madagascar."},"image":{"@id":"http:\/\/soatata.org\/#\/schema\/logo\/image\/"}}]}},"jetpack_sharing_enabled":true,"_links":{"self":[{"href":"https:\/\/soatata.org\/index.php\/wp-json\/wp\/v2\/pages\/426","targetHints":{"allow":["GET"]}}],"collection":[{"href":"https:\/\/soatata.org\/index.php\/wp-json\/wp\/v2\/pages"}],"about":[{"href":"https:\/\/soatata.org\/index.php\/wp-json\/wp\/v2\/types\/page"}],"author":[{"embeddable":true,"href":"https:\/\/soatata.org\/index.php\/wp-json\/wp\/v2\/users\/1"}],"replies":[{"embeddable":true,"href":"https:\/\/soatata.org\/index.php\/wp-json\/wp\/v2\/comments?post=426"}],"version-history":[{"count":20,"href":"https:\/\/soatata.org\/index.php\/wp-json\/wp\/v2\/pages\/426\/revisions"}],"predecessor-version":[{"id":2070,"href":"https:\/\/soatata.org\/index.php\/wp-json\/wp\/v2\/pages\/426\/revisions\/2070"}],"up":[{"embeddable":true,"href":"https:\/\/soatata.org\/index.php\/wp-json\/wp\/v2\/pages\/66"}],"wp:attachment":[{"href":"https:\/\/soatata.org\/index.php\/wp-json\/wp\/v2\/media?parent=426"}],"curies":[{"name":"wp","href":"https:\/\/api.w.org\/{rel}","templated":true}]}}