{"id":60,"date":"2020-12-16T13:26:04","date_gmt":"2020-12-16T12:26:04","guid":{"rendered":"http:\/\/soatata.org\/?page_id=60"},"modified":"2023-11-08T19:45:01","modified_gmt":"2023-11-08T18:45:01","slug":"vie-de-lassociation","status":"publish","type":"page","link":"https:\/\/soatata.org\/index.php\/vie-de-lassociation\/","title":{"rendered":"Vie de l&#8217;association"},"content":{"rendered":"\n<div class=\"wp-block-media-text alignwide is-stacked-on-mobile is-image-fill\" style=\"grid-template-columns:46% auto\"><figure class=\"wp-block-media-text__media\" style=\"background-image:url(http:\/\/soatata.org\/wp-content\/uploads\/2020\/12\/P1100750-1024x575.jpg);background-position:50% 50%\"><a href=\"http:\/\/soatata.org\/wp-content\/uploads\/2020\/12\/P1100750-scaled.jpg\"><img loading=\"lazy\" decoding=\"async\" width=\"1024\" height=\"575\" src=\"http:\/\/soatata.org\/wp-content\/uploads\/2020\/12\/P1100750-1024x575.jpg\" alt=\"\" class=\"wp-image-216 size-full\" srcset=\"https:\/\/soatata.org\/wp-content\/uploads\/2020\/12\/P1100750-1024x575.jpg 1024w, https:\/\/soatata.org\/wp-content\/uploads\/2020\/12\/P1100750-300x169.jpg 300w, https:\/\/soatata.org\/wp-content\/uploads\/2020\/12\/P1100750-768x432.jpg 768w, https:\/\/soatata.org\/wp-content\/uploads\/2020\/12\/P1100750-1536x863.jpg 1536w, https:\/\/soatata.org\/wp-content\/uploads\/2020\/12\/P1100750-2048x1151.jpg 2048w\" sizes=\"auto, (max-width: 706px) 89vw, (max-width: 767px) 82vw, 740px\" \/><\/a><\/figure><div class=\"wp-block-media-text__content\">\n<p class=\"has-medium-font-size\">L&#8217;association Soatata s&#8217;attache en France \u00e0 d\u00e9velopper des liens sociaux, collabore avec ses partenaires donateurs, participe \u00e0 des expos-ventes, anime des ateliers samossas, entretient des relations avec la diaspora malgache en France. Au travers de ses activit\u00e9s, elle favorise l&#8217;entraide\u00a0et l&#8217;amiti\u00e9 entre les peuples.<\/p>\n<\/div><\/div>\n","protected":false},"excerpt":{"rendered":"<p>L&#8217;association Soatata s&#8217;attache en France \u00e0 d\u00e9velopper des liens sociaux, collabore avec ses partenaires donateurs, participe \u00e0 des expos-ventes, anime des ateliers samossas, entretient des relations avec la diaspora malgache en France. Au travers de ses activit\u00e9s, elle favorise l&#8217;entraide\u00a0et l&#8217;amiti\u00e9 entre les peuples.<\/p>\n","protected":false},"author":1,"featured_media":0,"parent":0,"menu_order":0,"comment_status":"closed","ping_status":"closed","template":"","meta":{"footnotes":""},"class_list":["post-60","page","type-page","status-publish","hentry"],"yoast_head":"<!-- This site is optimized with the Yoast SEO plugin v27.4 - https:\/\/yoast.com\/product\/yoast-seo-wordpress\/ -->\n<title>Vie de l&#039;association - Assistance au d\u00e9veloppement \u00e9ducatif dans le sud de Madagascar.<\/title>\n<meta name=\"robots\" content=\"index, follow, max-snippet:-1, max-image-preview:large, max-video-preview:-1\" \/>\n<link rel=\"canonical\" href=\"https:\/\/soatata.org\/index.php\/vie-de-lassociation\/\" \/>\n<meta property=\"og:locale\" content=\"en_US\" \/>\n<meta property=\"og:type\" content=\"article\" \/>\n<meta property=\"og:title\" content=\"Vie de l&#039;association - Assistance au d\u00e9veloppement \u00e9ducatif dans le sud de Madagascar.\" \/>\n<meta property=\"og:description\" content=\"L&#8217;association Soatata s&#8217;attache en France \u00e0 d\u00e9velopper des liens sociaux, collabore avec ses partenaires donateurs, participe \u00e0 des expos-ventes, anime des ateliers samossas, entretient des relations avec la diaspora malgache en France. Au travers de ses activit\u00e9s, elle favorise l&#8217;entraide\u00a0et l&#8217;amiti\u00e9 entre les peuples.\" \/>\n<meta property=\"og:url\" content=\"https:\/\/soatata.org\/index.php\/vie-de-lassociation\/\" \/>\n<meta property=\"og:site_name\" content=\"Assistance au d\u00e9veloppement \u00e9ducatif dans le sud de Madagascar.\" \/>\n<meta property=\"article:modified_time\" content=\"2023-11-08T18:45:01+00:00\" \/>\n<meta property=\"og:image\" content=\"http:\/\/soatata.org\/wp-content\/uploads\/2020\/12\/P1100750-1024x575.jpg\" \/>\n<meta name=\"twitter:card\" content=\"summary_large_image\" \/>\n<meta name=\"twitter:label1\" content=\"Est. reading time\" \/>\n\t<meta name=\"twitter:data1\" content=\"1 minute\" \/>\n<script type=\"application\/ld+json\" class=\"yoast-schema-graph\">{\"@context\":\"https:\\\/\\\/schema.org\",\"@graph\":[{\"@type\":\"WebPage\",\"@id\":\"https:\\\/\\\/soatata.org\\\/index.php\\\/vie-de-lassociation\\\/\",\"url\":\"https:\\\/\\\/soatata.org\\\/index.php\\\/vie-de-lassociation\\\/\",\"name\":\"Vie de l'association - Assistance au d\u00e9veloppement \u00e9ducatif dans le sud de Madagascar.\",\"isPartOf\":{\"@id\":\"http:\\\/\\\/soatata.org\\\/#website\"},\"primaryImageOfPage\":{\"@id\":\"https:\\\/\\\/soatata.org\\\/index.php\\\/vie-de-lassociation\\\/#primaryimage\"},\"image\":{\"@id\":\"https:\\\/\\\/soatata.org\\\/index.php\\\/vie-de-lassociation\\\/#primaryimage\"},\"thumbnailUrl\":\"http:\\\/\\\/soatata.org\\\/wp-content\\\/uploads\\\/2020\\\/12\\\/P1100750-1024x575.jpg\",\"datePublished\":\"2020-12-16T12:26:04+00:00\",\"dateModified\":\"2023-11-08T18:45:01+00:00\",\"breadcrumb\":{\"@id\":\"https:\\\/\\\/soatata.org\\\/index.php\\\/vie-de-lassociation\\\/#breadcrumb\"},\"inLanguage\":\"en-US\",\"potentialAction\":[{\"@type\":\"ReadAction\",\"target\":[\"https:\\\/\\\/soatata.org\\\/index.php\\\/vie-de-lassociation\\\/\"]}]},{\"@type\":\"ImageObject\",\"inLanguage\":\"en-US\",\"@id\":\"https:\\\/\\\/soatata.org\\\/index.php\\\/vie-de-lassociation\\\/#primaryimage\",\"url\":\"http:\\\/\\\/soatata.org\\\/wp-content\\\/uploads\\\/2020\\\/12\\\/P1100750-1024x575.jpg\",\"contentUrl\":\"http:\\\/\\\/soatata.org\\\/wp-content\\\/uploads\\\/2020\\\/12\\\/P1100750-1024x575.jpg\"},{\"@type\":\"BreadcrumbList\",\"@id\":\"https:\\\/\\\/soatata.org\\\/index.php\\\/vie-de-lassociation\\\/#breadcrumb\",\"itemListElement\":[{\"@type\":\"ListItem\",\"position\":1,\"name\":\"Accueil\",\"item\":\"https:\\\/\\\/soatata.org\\\/\"},{\"@type\":\"ListItem\",\"position\":2,\"name\":\"Vie de l&#8217;association\"}]},{\"@type\":\"WebSite\",\"@id\":\"http:\\\/\\\/soatata.org\\\/#website\",\"url\":\"http:\\\/\\\/soatata.org\\\/\",\"name\":\"Assistance au d\u00e9veloppement \u00e9ducatif dans le sud de Madagascar.\",\"description\":\"\",\"publisher\":{\"@id\":\"http:\\\/\\\/soatata.org\\\/#organization\"},\"potentialAction\":[{\"@type\":\"SearchAction\",\"target\":{\"@type\":\"EntryPoint\",\"urlTemplate\":\"http:\\\/\\\/soatata.org\\\/?s={search_term_string}\"},\"query-input\":{\"@type\":\"PropertyValueSpecification\",\"valueRequired\":true,\"valueName\":\"search_term_string\"}}],\"inLanguage\":\"en-US\"},{\"@type\":\"Organization\",\"@id\":\"http:\\\/\\\/soatata.org\\\/#organization\",\"name\":\"Assistance au d\u00e9veloppement \u00e9ducatif dans le sud de Madagascar.\",\"url\":\"http:\\\/\\\/soatata.org\\\/\",\"logo\":{\"@type\":\"ImageObject\",\"inLanguage\":\"en-US\",\"@id\":\"http:\\\/\\\/soatata.org\\\/#\\\/schema\\\/logo\\\/image\\\/\",\"url\":\"https:\\\/\\\/soatata.org\\\/wp-content\\\/uploads\\\/2020\\\/12\\\/cropped-logoSoatata.jpg\",\"contentUrl\":\"https:\\\/\\\/soatata.org\\\/wp-content\\\/uploads\\\/2020\\\/12\\\/cropped-logoSoatata.jpg\",\"width\":276,\"height\":250,\"caption\":\"Assistance au d\u00e9veloppement \u00e9ducatif dans le sud de Madagascar.\"},\"image\":{\"@id\":\"http:\\\/\\\/soatata.org\\\/#\\\/schema\\\/logo\\\/image\\\/\"}}]}<\/script>\n<!-- \/ Yoast SEO plugin. -->","yoast_head_json":{"title":"Vie de l'association - Assistance au d\u00e9veloppement \u00e9ducatif dans le sud de Madagascar.","robots":{"index":"index","follow":"follow","max-snippet":"max-snippet:-1","max-image-preview":"max-image-preview:large","max-video-preview":"max-video-preview:-1"},"canonical":"https:\/\/soatata.org\/index.php\/vie-de-lassociation\/","og_locale":"en_US","og_type":"article","og_title":"Vie de l'association - Assistance au d\u00e9veloppement \u00e9ducatif dans le sud de Madagascar.","og_description":"L&#8217;association Soatata s&#8217;attache en France \u00e0 d\u00e9velopper des liens sociaux, collabore avec ses partenaires donateurs, participe \u00e0 des expos-ventes, anime des ateliers samossas, entretient des relations avec la diaspora malgache en France. Au travers de ses activit\u00e9s, elle favorise l&#8217;entraide\u00a0et l&#8217;amiti\u00e9 entre les peuples.","og_url":"https:\/\/soatata.org\/index.php\/vie-de-lassociation\/","og_site_name":"Assistance au d\u00e9veloppement \u00e9ducatif dans le sud de Madagascar.","article_modified_time":"2023-11-08T18:45:01+00:00","og_image":[{"url":"http:\/\/soatata.org\/wp-content\/uploads\/2020\/12\/P1100750-1024x575.jpg","type":"","width":"","height":""}],"twitter_card":"summary_large_image","twitter_misc":{"Est. reading time":"1 minute"},"schema":{"@context":"https:\/\/schema.org","@graph":[{"@type":"WebPage","@id":"https:\/\/soatata.org\/index.php\/vie-de-lassociation\/","url":"https:\/\/soatata.org\/index.php\/vie-de-lassociation\/","name":"Vie de l'association - Assistance au d\u00e9veloppement \u00e9ducatif dans le sud de Madagascar.","isPartOf":{"@id":"http:\/\/soatata.org\/#website"},"primaryImageOfPage":{"@id":"https:\/\/soatata.org\/index.php\/vie-de-lassociation\/#primaryimage"},"image":{"@id":"https:\/\/soatata.org\/index.php\/vie-de-lassociation\/#primaryimage"},"thumbnailUrl":"http:\/\/soatata.org\/wp-content\/uploads\/2020\/12\/P1100750-1024x575.jpg","datePublished":"2020-12-16T12:26:04+00:00","dateModified":"2023-11-08T18:45:01+00:00","breadcrumb":{"@id":"https:\/\/soatata.org\/index.php\/vie-de-lassociation\/#breadcrumb"},"inLanguage":"en-US","potentialAction":[{"@type":"ReadAction","target":["https:\/\/soatata.org\/index.php\/vie-de-lassociation\/"]}]},{"@type":"ImageObject","inLanguage":"en-US","@id":"https:\/\/soatata.org\/index.php\/vie-de-lassociation\/#primaryimage","url":"http:\/\/soatata.org\/wp-content\/uploads\/2020\/12\/P1100750-1024x575.jpg","contentUrl":"http:\/\/soatata.org\/wp-content\/uploads\/2020\/12\/P1100750-1024x575.jpg"},{"@type":"BreadcrumbList","@id":"https:\/\/soatata.org\/index.php\/vie-de-lassociation\/#breadcrumb","itemListElement":[{"@type":"ListItem","position":1,"name":"Accueil","item":"https:\/\/soatata.org\/"},{"@type":"ListItem","position":2,"name":"Vie de l&#8217;association"}]},{"@type":"WebSite","@id":"http:\/\/soatata.org\/#website","url":"http:\/\/soatata.org\/","name":"Assistance au d\u00e9veloppement \u00e9ducatif dans le sud de Madagascar.","description":"","publisher":{"@id":"http:\/\/soatata.org\/#organization"},"potentialAction":[{"@type":"SearchAction","target":{"@type":"EntryPoint","urlTemplate":"http:\/\/soatata.org\/?s={search_term_string}"},"query-input":{"@type":"PropertyValueSpecification","valueRequired":true,"valueName":"search_term_string"}}],"inLanguage":"en-US"},{"@type":"Organization","@id":"http:\/\/soatata.org\/#organization","name":"Assistance au d\u00e9veloppement \u00e9ducatif dans le sud de Madagascar.","url":"http:\/\/soatata.org\/","logo":{"@type":"ImageObject","inLanguage":"en-US","@id":"http:\/\/soatata.org\/#\/schema\/logo\/image\/","url":"https:\/\/soatata.org\/wp-content\/uploads\/2020\/12\/cropped-logoSoatata.jpg","contentUrl":"https:\/\/soatata.org\/wp-content\/uploads\/2020\/12\/cropped-logoSoatata.jpg","width":276,"height":250,"caption":"Assistance au d\u00e9veloppement \u00e9ducatif dans le sud de Madagascar."},"image":{"@id":"http:\/\/soatata.org\/#\/schema\/logo\/image\/"}}]}},"jetpack_sharing_enabled":true,"_links":{"self":[{"href":"https:\/\/soatata.org\/index.php\/wp-json\/wp\/v2\/pages\/60","targetHints":{"allow":["GET"]}}],"collection":[{"href":"https:\/\/soatata.org\/index.php\/wp-json\/wp\/v2\/pages"}],"about":[{"href":"https:\/\/soatata.org\/index.php\/wp-json\/wp\/v2\/types\/page"}],"author":[{"embeddable":true,"href":"https:\/\/soatata.org\/index.php\/wp-json\/wp\/v2\/users\/1"}],"replies":[{"embeddable":true,"href":"https:\/\/soatata.org\/index.php\/wp-json\/wp\/v2\/comments?post=60"}],"version-history":[{"count":9,"href":"https:\/\/soatata.org\/index.php\/wp-json\/wp\/v2\/pages\/60\/revisions"}],"predecessor-version":[{"id":1755,"href":"https:\/\/soatata.org\/index.php\/wp-json\/wp\/v2\/pages\/60\/revisions\/1755"}],"wp:attachment":[{"href":"https:\/\/soatata.org\/index.php\/wp-json\/wp\/v2\/media?parent=60"}],"curies":[{"name":"wp","href":"https:\/\/api.w.org\/{rel}","templated":true}]}}