{"id":66,"date":"2020-12-16T13:27:22","date_gmt":"2020-12-16T12:27:22","guid":{"rendered":"http:\/\/soatata.org\/?page_id=66"},"modified":"2025-12-07T14:19:46","modified_gmt":"2025-12-07T13:19:46","slug":"aidez-nous","status":"publish","type":"page","link":"https:\/\/soatata.org\/index.php\/aidez-nous\/","title":{"rendered":"Aidez-nous"},"content":{"rendered":"\n<p class=\"has-medium-font-size\">Depuis 10 ans, l\u2019association SOATATA \u0153uvre en France pour r\u00e9colter des fonds afin de promouvoir l\u2019\u00e9ducation des enfants dans le sud de Madagascar.<\/p>\n\n\n\n<p class=\"has-medium-font-size\">Originaire du pays d\u2019Androy, je retourne r\u00e9guli\u00e8rement sur place pour suivre les diff\u00e9rents chantiers.<\/p>\n\n\n\n<p class=\"has-medium-font-size\">En France, Soatata fait conna\u00eetre Madagascar, sa culture, ses traditions, par des \u00e9v\u00e8nements : journ\u00e9e patrimoine, conf\u00e9rences, expositions, organisation de spectacles, d\u2019atelier samossas, coiffure, danse.<\/p>\n\n\n\n<p class=\"has-medium-font-size\">Plus que jamais, nous avons besoin de votre soutien pour mener \u00e0 bien nos projets pour 2026.<\/p>\n\n\n\n<p class=\"has-vivid-red-color has-text-color has-medium-font-size\"><a href=\"http:\/\/soatata.org\/index.php\/aidez-nous\/don\/\" target=\"_blank\" rel=\"noreferrer noopener\"><mark style=\"background-color:rgba(0, 0, 0, 0)\" class=\"has-inline-color has-vivid-red-color\"><strong>Cliquer ici pour un don.<\/strong><\/mark><\/a><\/p>\n\n\n\n<p class=\"has-vivid-red-color has-text-color has-medium-font-size\"><a href=\"http:\/\/soatata.org\/index.php\/aidez-nous\/adhesion\/\" target=\"_blank\" rel=\"noreferrer noopener\"><mark style=\"background-color:rgba(0, 0, 0, 0)\" class=\"has-inline-color has-vivid-red-color\"><strong>Cliquer ici pour une adh\u00e9sion.<\/strong><\/mark><\/a><\/p>\n\n\n\n<p class=\"has-medium-font-size\">Par avance, merci. Misaotra.<\/p>\n\n\n\n<p class=\"has-medium-font-size\">Georgette CHENOT<\/p>\n\n\n\n<p class=\"has-medium-font-size\">Pr\u00e9sidente.<\/p>\n","protected":false},"excerpt":{"rendered":"<p>Depuis 10 ans, l\u2019association SOATATA \u0153uvre en France pour r\u00e9colter des fonds afin de promouvoir l\u2019\u00e9ducation des enfants dans le sud de Madagascar. Originaire du pays d\u2019Androy, je retourne r\u00e9guli\u00e8rement sur place pour suivre les diff\u00e9rents chantiers. En France, Soatata fait conna\u00eetre Madagascar, sa culture, ses traditions, par des \u00e9v\u00e8nements : journ\u00e9e patrimoine, conf\u00e9rences, expositions, &hellip; <\/p>\n<p class=\"link-more\"><a href=\"https:\/\/soatata.org\/index.php\/aidez-nous\/\" class=\"more-link\">Continue reading<span class=\"screen-reader-text\"> &#8220;Aidez-nous&#8221;<\/span><\/a><\/p>\n","protected":false},"author":1,"featured_media":0,"parent":0,"menu_order":0,"comment_status":"closed","ping_status":"closed","template":"","meta":{"footnotes":""},"class_list":["post-66","page","type-page","status-publish","hentry"],"yoast_head":"<!-- This site is optimized with the Yoast SEO plugin v27.4 - https:\/\/yoast.com\/product\/yoast-seo-wordpress\/ -->\n<title>Aidez-nous - Assistance au d\u00e9veloppement \u00e9ducatif dans le sud de Madagascar.<\/title>\n<meta name=\"robots\" content=\"index, follow, max-snippet:-1, max-image-preview:large, max-video-preview:-1\" \/>\n<link rel=\"canonical\" href=\"https:\/\/soatata.org\/index.php\/aidez-nous\/\" \/>\n<meta property=\"og:locale\" content=\"en_US\" \/>\n<meta property=\"og:type\" content=\"article\" \/>\n<meta property=\"og:title\" content=\"Aidez-nous - Assistance au d\u00e9veloppement \u00e9ducatif dans le sud de Madagascar.\" \/>\n<meta property=\"og:description\" content=\"Depuis 10 ans, l\u2019association SOATATA \u0153uvre en France pour r\u00e9colter des fonds afin de promouvoir l\u2019\u00e9ducation des enfants dans le sud de Madagascar. Originaire du pays d\u2019Androy, je retourne r\u00e9guli\u00e8rement sur place pour suivre les diff\u00e9rents chantiers. En France, Soatata fait conna\u00eetre Madagascar, sa culture, ses traditions, par des \u00e9v\u00e8nements : journ\u00e9e patrimoine, conf\u00e9rences, expositions, &hellip; Continue reading &quot;Aidez-nous&quot;\" \/>\n<meta property=\"og:url\" content=\"https:\/\/soatata.org\/index.php\/aidez-nous\/\" \/>\n<meta property=\"og:site_name\" content=\"Assistance au d\u00e9veloppement \u00e9ducatif dans le sud de Madagascar.\" \/>\n<meta property=\"article:modified_time\" content=\"2025-12-07T13:19:46+00:00\" \/>\n<meta name=\"twitter:card\" content=\"summary_large_image\" \/>\n<meta name=\"twitter:label1\" content=\"Est. reading time\" \/>\n\t<meta name=\"twitter:data1\" content=\"1 minute\" \/>\n<script type=\"application\/ld+json\" class=\"yoast-schema-graph\">{\"@context\":\"https:\\\/\\\/schema.org\",\"@graph\":[{\"@type\":\"WebPage\",\"@id\":\"https:\\\/\\\/soatata.org\\\/index.php\\\/aidez-nous\\\/\",\"url\":\"https:\\\/\\\/soatata.org\\\/index.php\\\/aidez-nous\\\/\",\"name\":\"Aidez-nous - Assistance au d\u00e9veloppement \u00e9ducatif dans le sud de Madagascar.\",\"isPartOf\":{\"@id\":\"http:\\\/\\\/soatata.org\\\/#website\"},\"datePublished\":\"2020-12-16T12:27:22+00:00\",\"dateModified\":\"2025-12-07T13:19:46+00:00\",\"breadcrumb\":{\"@id\":\"https:\\\/\\\/soatata.org\\\/index.php\\\/aidez-nous\\\/#breadcrumb\"},\"inLanguage\":\"en-US\",\"potentialAction\":[{\"@type\":\"ReadAction\",\"target\":[\"https:\\\/\\\/soatata.org\\\/index.php\\\/aidez-nous\\\/\"]}]},{\"@type\":\"BreadcrumbList\",\"@id\":\"https:\\\/\\\/soatata.org\\\/index.php\\\/aidez-nous\\\/#breadcrumb\",\"itemListElement\":[{\"@type\":\"ListItem\",\"position\":1,\"name\":\"Accueil\",\"item\":\"https:\\\/\\\/soatata.org\\\/\"},{\"@type\":\"ListItem\",\"position\":2,\"name\":\"Aidez-nous\"}]},{\"@type\":\"WebSite\",\"@id\":\"http:\\\/\\\/soatata.org\\\/#website\",\"url\":\"http:\\\/\\\/soatata.org\\\/\",\"name\":\"Assistance au d\u00e9veloppement \u00e9ducatif dans le sud de Madagascar.\",\"description\":\"\",\"publisher\":{\"@id\":\"http:\\\/\\\/soatata.org\\\/#organization\"},\"potentialAction\":[{\"@type\":\"SearchAction\",\"target\":{\"@type\":\"EntryPoint\",\"urlTemplate\":\"http:\\\/\\\/soatata.org\\\/?s={search_term_string}\"},\"query-input\":{\"@type\":\"PropertyValueSpecification\",\"valueRequired\":true,\"valueName\":\"search_term_string\"}}],\"inLanguage\":\"en-US\"},{\"@type\":\"Organization\",\"@id\":\"http:\\\/\\\/soatata.org\\\/#organization\",\"name\":\"Assistance au d\u00e9veloppement \u00e9ducatif dans le sud de Madagascar.\",\"url\":\"http:\\\/\\\/soatata.org\\\/\",\"logo\":{\"@type\":\"ImageObject\",\"inLanguage\":\"en-US\",\"@id\":\"http:\\\/\\\/soatata.org\\\/#\\\/schema\\\/logo\\\/image\\\/\",\"url\":\"https:\\\/\\\/soatata.org\\\/wp-content\\\/uploads\\\/2020\\\/12\\\/cropped-logoSoatata.jpg\",\"contentUrl\":\"https:\\\/\\\/soatata.org\\\/wp-content\\\/uploads\\\/2020\\\/12\\\/cropped-logoSoatata.jpg\",\"width\":276,\"height\":250,\"caption\":\"Assistance au d\u00e9veloppement \u00e9ducatif dans le sud de Madagascar.\"},\"image\":{\"@id\":\"http:\\\/\\\/soatata.org\\\/#\\\/schema\\\/logo\\\/image\\\/\"}}]}<\/script>\n<!-- \/ Yoast SEO plugin. -->","yoast_head_json":{"title":"Aidez-nous - Assistance au d\u00e9veloppement \u00e9ducatif dans le sud de Madagascar.","robots":{"index":"index","follow":"follow","max-snippet":"max-snippet:-1","max-image-preview":"max-image-preview:large","max-video-preview":"max-video-preview:-1"},"canonical":"https:\/\/soatata.org\/index.php\/aidez-nous\/","og_locale":"en_US","og_type":"article","og_title":"Aidez-nous - Assistance au d\u00e9veloppement \u00e9ducatif dans le sud de Madagascar.","og_description":"Depuis 10 ans, l\u2019association SOATATA \u0153uvre en France pour r\u00e9colter des fonds afin de promouvoir l\u2019\u00e9ducation des enfants dans le sud de Madagascar. Originaire du pays d\u2019Androy, je retourne r\u00e9guli\u00e8rement sur place pour suivre les diff\u00e9rents chantiers. En France, Soatata fait conna\u00eetre Madagascar, sa culture, ses traditions, par des \u00e9v\u00e8nements : journ\u00e9e patrimoine, conf\u00e9rences, expositions, &hellip; Continue reading \"Aidez-nous\"","og_url":"https:\/\/soatata.org\/index.php\/aidez-nous\/","og_site_name":"Assistance au d\u00e9veloppement \u00e9ducatif dans le sud de Madagascar.","article_modified_time":"2025-12-07T13:19:46+00:00","twitter_card":"summary_large_image","twitter_misc":{"Est. reading time":"1 minute"},"schema":{"@context":"https:\/\/schema.org","@graph":[{"@type":"WebPage","@id":"https:\/\/soatata.org\/index.php\/aidez-nous\/","url":"https:\/\/soatata.org\/index.php\/aidez-nous\/","name":"Aidez-nous - Assistance au d\u00e9veloppement \u00e9ducatif dans le sud de Madagascar.","isPartOf":{"@id":"http:\/\/soatata.org\/#website"},"datePublished":"2020-12-16T12:27:22+00:00","dateModified":"2025-12-07T13:19:46+00:00","breadcrumb":{"@id":"https:\/\/soatata.org\/index.php\/aidez-nous\/#breadcrumb"},"inLanguage":"en-US","potentialAction":[{"@type":"ReadAction","target":["https:\/\/soatata.org\/index.php\/aidez-nous\/"]}]},{"@type":"BreadcrumbList","@id":"https:\/\/soatata.org\/index.php\/aidez-nous\/#breadcrumb","itemListElement":[{"@type":"ListItem","position":1,"name":"Accueil","item":"https:\/\/soatata.org\/"},{"@type":"ListItem","position":2,"name":"Aidez-nous"}]},{"@type":"WebSite","@id":"http:\/\/soatata.org\/#website","url":"http:\/\/soatata.org\/","name":"Assistance au d\u00e9veloppement \u00e9ducatif dans le sud de Madagascar.","description":"","publisher":{"@id":"http:\/\/soatata.org\/#organization"},"potentialAction":[{"@type":"SearchAction","target":{"@type":"EntryPoint","urlTemplate":"http:\/\/soatata.org\/?s={search_term_string}"},"query-input":{"@type":"PropertyValueSpecification","valueRequired":true,"valueName":"search_term_string"}}],"inLanguage":"en-US"},{"@type":"Organization","@id":"http:\/\/soatata.org\/#organization","name":"Assistance au d\u00e9veloppement \u00e9ducatif dans le sud de Madagascar.","url":"http:\/\/soatata.org\/","logo":{"@type":"ImageObject","inLanguage":"en-US","@id":"http:\/\/soatata.org\/#\/schema\/logo\/image\/","url":"https:\/\/soatata.org\/wp-content\/uploads\/2020\/12\/cropped-logoSoatata.jpg","contentUrl":"https:\/\/soatata.org\/wp-content\/uploads\/2020\/12\/cropped-logoSoatata.jpg","width":276,"height":250,"caption":"Assistance au d\u00e9veloppement \u00e9ducatif dans le sud de Madagascar."},"image":{"@id":"http:\/\/soatata.org\/#\/schema\/logo\/image\/"}}]}},"jetpack_sharing_enabled":true,"_links":{"self":[{"href":"https:\/\/soatata.org\/index.php\/wp-json\/wp\/v2\/pages\/66","targetHints":{"allow":["GET"]}}],"collection":[{"href":"https:\/\/soatata.org\/index.php\/wp-json\/wp\/v2\/pages"}],"about":[{"href":"https:\/\/soatata.org\/index.php\/wp-json\/wp\/v2\/types\/page"}],"author":[{"embeddable":true,"href":"https:\/\/soatata.org\/index.php\/wp-json\/wp\/v2\/users\/1"}],"replies":[{"embeddable":true,"href":"https:\/\/soatata.org\/index.php\/wp-json\/wp\/v2\/comments?post=66"}],"version-history":[{"count":16,"href":"https:\/\/soatata.org\/index.php\/wp-json\/wp\/v2\/pages\/66\/revisions"}],"predecessor-version":[{"id":2079,"href":"https:\/\/soatata.org\/index.php\/wp-json\/wp\/v2\/pages\/66\/revisions\/2079"}],"wp:attachment":[{"href":"https:\/\/soatata.org\/index.php\/wp-json\/wp\/v2\/media?parent=66"}],"curies":[{"name":"wp","href":"https:\/\/api.w.org\/{rel}","templated":true}]}}