{"id":78,"date":"2020-12-16T15:25:49","date_gmt":"2020-12-16T14:25:49","guid":{"rendered":"http:\/\/soatata.org\/?page_id=78"},"modified":"2021-02-05T09:07:03","modified_gmt":"2021-02-05T08:07:03","slug":"realisations","status":"publish","type":"page","link":"https:\/\/soatata.org\/index.php\/realisations\/","title":{"rendered":"R\u00e9alisations"},"content":{"rendered":"\n<div class=\"wp-block-media-text alignwide has-media-on-the-right is-stacked-on-mobile is-image-fill\" style=\"grid-template-columns:auto 41%\"><figure class=\"wp-block-media-text__media\" style=\"background-image:url(http:\/\/soatata.org\/wp-content\/uploads\/2020\/12\/donSaotata-1.png);background-position:50% 50%\"><img loading=\"lazy\" decoding=\"async\" width=\"875\" height=\"482\" src=\"http:\/\/soatata.org\/wp-content\/uploads\/2020\/12\/donSaotata-1.png\" alt=\"\" class=\"wp-image-218 size-full\" srcset=\"https:\/\/soatata.org\/wp-content\/uploads\/2020\/12\/donSaotata-1.png 875w, https:\/\/soatata.org\/wp-content\/uploads\/2020\/12\/donSaotata-1-300x165.png 300w, https:\/\/soatata.org\/wp-content\/uploads\/2020\/12\/donSaotata-1-768x423.png 768w\" sizes=\"auto, (max-width: 706px) 89vw, (max-width: 767px) 82vw, 740px\" \/><\/figure><div class=\"wp-block-media-text__content\">\n<p class=\"has-text-align-left has-medium-font-size\">Nos actions consistent \u00e0 construire et \u00e9quiper des salles de classe dans des \u00e9tablissements scolaires et universitaires du sud de Madagascar et acheminer des ordinateurs et des fournitures scolaires pour les enfants.<\/p>\n<\/div><\/div>\n\n\n\n<div class=\"wp-block-group\"><div class=\"wp-block-group__inner-container is-layout-flow wp-block-group-is-layout-flow\">\n<div class=\"wp-block-columns is-layout-flex wp-container-core-columns-is-layout-9d6595d7 wp-block-columns-is-layout-flex\">\n<div class=\"wp-block-column is-vertically-aligned-bottom is-layout-flow wp-block-column-is-layout-flow\" style=\"flex-basis:100%\">\n<p class=\"has-medium-font-size\">Nos zones d&#8217;interventions :<\/p>\n<\/div>\n<\/div>\n<\/div><\/div>\n\n\n\n<div class=\"wp-block-jetpack-tiled-gallery aligncenter is-style-rectangular\"><div class=\"tiled-gallery__gallery\"><div class=\"tiled-gallery__row\"><div class=\"tiled-gallery__col\" style=\"flex-basis:76.68205139499594%\"><figure class=\"tiled-gallery__item\"><a href=\"https:\/\/i1.wp.com\/soatata.org\/wp-content\/uploads\/2020\/12\/image-4.png\"><img decoding=\"async\" srcset=\"https:\/\/i1.wp.com\/soatata.org\/wp-content\/uploads\/2020\/12\/image-4.png?strip=info&#038;w=600 600w,https:\/\/i1.wp.com\/soatata.org\/wp-content\/uploads\/2020\/12\/image-4.png?strip=info&#038;w=900 900w,https:\/\/i1.wp.com\/soatata.org\/wp-content\/uploads\/2020\/12\/image-4.png?strip=info&#038;w=964 964w\" alt=\"\" data-height=\"544\" data-id=\"123\" data-link=\"http:\/\/soatata.org\/index.php\/soatata\/presentation\/image-4\/\" data-url=\"http:\/\/soatata.org\/wp-content\/uploads\/2020\/12\/image-4.png\" data-width=\"964\" src=\"https:\/\/i1.wp.com\/soatata.org\/wp-content\/uploads\/2020\/12\/image-4.png\" layout=\"responsive\"\/><\/a><\/figure><\/div><div class=\"tiled-gallery__col\" style=\"flex-basis:23.317948605004066%\"><figure class=\"tiled-gallery__item\"><a href=\"https:\/\/i2.wp.com\/soatata.org\/wp-content\/uploads\/2020\/12\/image-12.png\"><img decoding=\"async\" srcset=\"https:\/\/i2.wp.com\/soatata.org\/wp-content\/uploads\/2020\/12\/image-12.png?strip=info&#038;w=309 309w\" alt=\"\" data-height=\"580\" data-id=\"493\" data-link=\"http:\/\/soatata.org\/index.php\/soatata\/presentation\/image-12\/\" data-url=\"http:\/\/soatata.org\/wp-content\/uploads\/2020\/12\/image-12.png\" data-width=\"309\" src=\"https:\/\/i2.wp.com\/soatata.org\/wp-content\/uploads\/2020\/12\/image-12.png\" layout=\"responsive\"\/><\/a><\/figure><\/div><\/div><\/div><\/div>\n","protected":false},"excerpt":{"rendered":"<p>Nos actions consistent \u00e0 construire et \u00e9quiper des salles de classe dans des \u00e9tablissements scolaires et universitaires du sud de Madagascar et acheminer des ordinateurs et des fournitures scolaires pour les enfants. Nos zones d&#8217;interventions :<\/p>\n","protected":false},"author":1,"featured_media":0,"parent":0,"menu_order":0,"comment_status":"closed","ping_status":"closed","template":"","meta":{"footnotes":""},"class_list":["post-78","page","type-page","status-publish","hentry"],"yoast_head":"<!-- This site is optimized with the Yoast SEO plugin v27.3 - https:\/\/yoast.com\/product\/yoast-seo-wordpress\/ -->\n<title>R\u00e9alisations - Assistance au d\u00e9veloppement \u00e9ducatif dans le sud de Madagascar.<\/title>\n<meta name=\"robots\" content=\"index, follow, max-snippet:-1, max-image-preview:large, max-video-preview:-1\" \/>\n<link rel=\"canonical\" href=\"http:\/\/soatata.org\/index.php\/realisations\/\" \/>\n<meta property=\"og:locale\" content=\"en_US\" \/>\n<meta property=\"og:type\" content=\"article\" \/>\n<meta property=\"og:title\" content=\"R\u00e9alisations - Assistance au d\u00e9veloppement \u00e9ducatif dans le sud de Madagascar.\" \/>\n<meta property=\"og:description\" content=\"Nos actions consistent \u00e0 construire et \u00e9quiper des salles de classe dans des \u00e9tablissements scolaires et universitaires du sud de Madagascar et acheminer des ordinateurs et des fournitures scolaires pour les enfants. Nos zones d&#8217;interventions :\" \/>\n<meta property=\"og:url\" content=\"http:\/\/soatata.org\/index.php\/realisations\/\" \/>\n<meta property=\"og:site_name\" content=\"Assistance au d\u00e9veloppement \u00e9ducatif dans le sud de Madagascar.\" \/>\n<meta property=\"article:modified_time\" content=\"2021-02-05T08:07:03+00:00\" \/>\n<meta property=\"og:image\" content=\"http:\/\/soatata.org\/wp-content\/uploads\/2020\/12\/donSaotata-1.png\" \/>\n<meta name=\"twitter:card\" content=\"summary_large_image\" \/>\n<script type=\"application\/ld+json\" class=\"yoast-schema-graph\">{\"@context\":\"https:\\\/\\\/schema.org\",\"@graph\":[{\"@type\":\"WebPage\",\"@id\":\"http:\\\/\\\/soatata.org\\\/index.php\\\/realisations\\\/\",\"url\":\"http:\\\/\\\/soatata.org\\\/index.php\\\/realisations\\\/\",\"name\":\"R\u00e9alisations - Assistance au d\u00e9veloppement \u00e9ducatif dans le sud de Madagascar.\",\"isPartOf\":{\"@id\":\"http:\\\/\\\/soatata.org\\\/#website\"},\"primaryImageOfPage\":{\"@id\":\"http:\\\/\\\/soatata.org\\\/index.php\\\/realisations\\\/#primaryimage\"},\"image\":{\"@id\":\"http:\\\/\\\/soatata.org\\\/index.php\\\/realisations\\\/#primaryimage\"},\"thumbnailUrl\":\"http:\\\/\\\/soatata.org\\\/wp-content\\\/uploads\\\/2020\\\/12\\\/donSaotata-1.png\",\"datePublished\":\"2020-12-16T14:25:49+00:00\",\"dateModified\":\"2021-02-05T08:07:03+00:00\",\"breadcrumb\":{\"@id\":\"http:\\\/\\\/soatata.org\\\/index.php\\\/realisations\\\/#breadcrumb\"},\"inLanguage\":\"en-US\",\"potentialAction\":[{\"@type\":\"ReadAction\",\"target\":[\"http:\\\/\\\/soatata.org\\\/index.php\\\/realisations\\\/\"]}]},{\"@type\":\"ImageObject\",\"inLanguage\":\"en-US\",\"@id\":\"http:\\\/\\\/soatata.org\\\/index.php\\\/realisations\\\/#primaryimage\",\"url\":\"https:\\\/\\\/soatata.org\\\/wp-content\\\/uploads\\\/2020\\\/12\\\/donSaotata-1.png\",\"contentUrl\":\"https:\\\/\\\/soatata.org\\\/wp-content\\\/uploads\\\/2020\\\/12\\\/donSaotata-1.png\",\"width\":875,\"height\":482},{\"@type\":\"BreadcrumbList\",\"@id\":\"http:\\\/\\\/soatata.org\\\/index.php\\\/realisations\\\/#breadcrumb\",\"itemListElement\":[{\"@type\":\"ListItem\",\"position\":1,\"name\":\"Accueil\",\"item\":\"https:\\\/\\\/soatata.org\\\/\"},{\"@type\":\"ListItem\",\"position\":2,\"name\":\"R\u00e9alisations\"}]},{\"@type\":\"WebSite\",\"@id\":\"http:\\\/\\\/soatata.org\\\/#website\",\"url\":\"http:\\\/\\\/soatata.org\\\/\",\"name\":\"Assistance au d\u00e9veloppement \u00e9ducatif dans le sud de Madagascar.\",\"description\":\"\",\"publisher\":{\"@id\":\"http:\\\/\\\/soatata.org\\\/#organization\"},\"potentialAction\":[{\"@type\":\"SearchAction\",\"target\":{\"@type\":\"EntryPoint\",\"urlTemplate\":\"http:\\\/\\\/soatata.org\\\/?s={search_term_string}\"},\"query-input\":{\"@type\":\"PropertyValueSpecification\",\"valueRequired\":true,\"valueName\":\"search_term_string\"}}],\"inLanguage\":\"en-US\"},{\"@type\":\"Organization\",\"@id\":\"http:\\\/\\\/soatata.org\\\/#organization\",\"name\":\"Assistance au d\u00e9veloppement \u00e9ducatif dans le sud de Madagascar.\",\"url\":\"http:\\\/\\\/soatata.org\\\/\",\"logo\":{\"@type\":\"ImageObject\",\"inLanguage\":\"en-US\",\"@id\":\"http:\\\/\\\/soatata.org\\\/#\\\/schema\\\/logo\\\/image\\\/\",\"url\":\"https:\\\/\\\/soatata.org\\\/wp-content\\\/uploads\\\/2020\\\/12\\\/cropped-logoSoatata.jpg\",\"contentUrl\":\"https:\\\/\\\/soatata.org\\\/wp-content\\\/uploads\\\/2020\\\/12\\\/cropped-logoSoatata.jpg\",\"width\":276,\"height\":250,\"caption\":\"Assistance au d\u00e9veloppement \u00e9ducatif dans le sud de Madagascar.\"},\"image\":{\"@id\":\"http:\\\/\\\/soatata.org\\\/#\\\/schema\\\/logo\\\/image\\\/\"}}]}<\/script>\n<!-- \/ Yoast SEO plugin. -->","yoast_head_json":{"title":"R\u00e9alisations - Assistance au d\u00e9veloppement \u00e9ducatif dans le sud de Madagascar.","robots":{"index":"index","follow":"follow","max-snippet":"max-snippet:-1","max-image-preview":"max-image-preview:large","max-video-preview":"max-video-preview:-1"},"canonical":"http:\/\/soatata.org\/index.php\/realisations\/","og_locale":"en_US","og_type":"article","og_title":"R\u00e9alisations - Assistance au d\u00e9veloppement \u00e9ducatif dans le sud de Madagascar.","og_description":"Nos actions consistent \u00e0 construire et \u00e9quiper des salles de classe dans des \u00e9tablissements scolaires et universitaires du sud de Madagascar et acheminer des ordinateurs et des fournitures scolaires pour les enfants. Nos zones d&#8217;interventions :","og_url":"http:\/\/soatata.org\/index.php\/realisations\/","og_site_name":"Assistance au d\u00e9veloppement \u00e9ducatif dans le sud de Madagascar.","article_modified_time":"2021-02-05T08:07:03+00:00","og_image":[{"url":"http:\/\/soatata.org\/wp-content\/uploads\/2020\/12\/donSaotata-1.png","type":"","width":"","height":""}],"twitter_card":"summary_large_image","schema":{"@context":"https:\/\/schema.org","@graph":[{"@type":"WebPage","@id":"http:\/\/soatata.org\/index.php\/realisations\/","url":"http:\/\/soatata.org\/index.php\/realisations\/","name":"R\u00e9alisations - Assistance au d\u00e9veloppement \u00e9ducatif dans le sud de Madagascar.","isPartOf":{"@id":"http:\/\/soatata.org\/#website"},"primaryImageOfPage":{"@id":"http:\/\/soatata.org\/index.php\/realisations\/#primaryimage"},"image":{"@id":"http:\/\/soatata.org\/index.php\/realisations\/#primaryimage"},"thumbnailUrl":"http:\/\/soatata.org\/wp-content\/uploads\/2020\/12\/donSaotata-1.png","datePublished":"2020-12-16T14:25:49+00:00","dateModified":"2021-02-05T08:07:03+00:00","breadcrumb":{"@id":"http:\/\/soatata.org\/index.php\/realisations\/#breadcrumb"},"inLanguage":"en-US","potentialAction":[{"@type":"ReadAction","target":["http:\/\/soatata.org\/index.php\/realisations\/"]}]},{"@type":"ImageObject","inLanguage":"en-US","@id":"http:\/\/soatata.org\/index.php\/realisations\/#primaryimage","url":"https:\/\/soatata.org\/wp-content\/uploads\/2020\/12\/donSaotata-1.png","contentUrl":"https:\/\/soatata.org\/wp-content\/uploads\/2020\/12\/donSaotata-1.png","width":875,"height":482},{"@type":"BreadcrumbList","@id":"http:\/\/soatata.org\/index.php\/realisations\/#breadcrumb","itemListElement":[{"@type":"ListItem","position":1,"name":"Accueil","item":"https:\/\/soatata.org\/"},{"@type":"ListItem","position":2,"name":"R\u00e9alisations"}]},{"@type":"WebSite","@id":"http:\/\/soatata.org\/#website","url":"http:\/\/soatata.org\/","name":"Assistance au d\u00e9veloppement \u00e9ducatif dans le sud de Madagascar.","description":"","publisher":{"@id":"http:\/\/soatata.org\/#organization"},"potentialAction":[{"@type":"SearchAction","target":{"@type":"EntryPoint","urlTemplate":"http:\/\/soatata.org\/?s={search_term_string}"},"query-input":{"@type":"PropertyValueSpecification","valueRequired":true,"valueName":"search_term_string"}}],"inLanguage":"en-US"},{"@type":"Organization","@id":"http:\/\/soatata.org\/#organization","name":"Assistance au d\u00e9veloppement \u00e9ducatif dans le sud de Madagascar.","url":"http:\/\/soatata.org\/","logo":{"@type":"ImageObject","inLanguage":"en-US","@id":"http:\/\/soatata.org\/#\/schema\/logo\/image\/","url":"https:\/\/soatata.org\/wp-content\/uploads\/2020\/12\/cropped-logoSoatata.jpg","contentUrl":"https:\/\/soatata.org\/wp-content\/uploads\/2020\/12\/cropped-logoSoatata.jpg","width":276,"height":250,"caption":"Assistance au d\u00e9veloppement \u00e9ducatif dans le sud de Madagascar."},"image":{"@id":"http:\/\/soatata.org\/#\/schema\/logo\/image\/"}}]}},"jetpack_sharing_enabled":true,"_links":{"self":[{"href":"https:\/\/soatata.org\/index.php\/wp-json\/wp\/v2\/pages\/78","targetHints":{"allow":["GET"]}}],"collection":[{"href":"https:\/\/soatata.org\/index.php\/wp-json\/wp\/v2\/pages"}],"about":[{"href":"https:\/\/soatata.org\/index.php\/wp-json\/wp\/v2\/types\/page"}],"author":[{"embeddable":true,"href":"https:\/\/soatata.org\/index.php\/wp-json\/wp\/v2\/users\/1"}],"replies":[{"embeddable":true,"href":"https:\/\/soatata.org\/index.php\/wp-json\/wp\/v2\/comments?post=78"}],"version-history":[{"count":9,"href":"https:\/\/soatata.org\/index.php\/wp-json\/wp\/v2\/pages\/78\/revisions"}],"predecessor-version":[{"id":1289,"href":"https:\/\/soatata.org\/index.php\/wp-json\/wp\/v2\/pages\/78\/revisions\/1289"}],"wp:attachment":[{"href":"https:\/\/soatata.org\/index.php\/wp-json\/wp\/v2\/media?parent=78"}],"curies":[{"name":"wp","href":"https:\/\/api.w.org\/{rel}","templated":true}]}}